{"id":13471,"date":"2018-05-28T10:10:48","date_gmt":"2018-05-28T10:10:48","guid":{"rendered":"https:\/\/wiki.omniscriptum.com\/parte-i-software\/"},"modified":"2018-05-29T14:53:31","modified_gmt":"2018-05-29T14:53:31","slug":"parte-i-software","status":"publish","type":"page","link":"https:\/\/wiki.omniscriptum.com\/pt-br\/parte-i-software\/","title":{"rendered":"Parte I. Software"},"content":{"rendered":"<?xml encoding=\"utf8\" ?>[vc_row][vc_column][vc_column_text css=&#8221;.vc_custom_1527605606701{margin-bottom: 0px !important;}&#8221;]<span style=\"color: #000000;\">O treinamento \u00e9 separado em <span style=\"color: #fa5b15;\">5 partes<\/span> e voc\u00ea tamb\u00e9m tem a possibilidade de verificar seu conhecimento usando question\u00e1rios. Os m\u00f3dulos cont\u00eam li\u00e7\u00f5es relacionadas entre si, portanto, voc\u00ea n\u00e3o deve ignorar as li\u00e7\u00f5es. A multiplicidade de perguntas dos seus autores pode ter as respostas em uma das li\u00e7\u00f5es, por isso \u00e9 muito importante <span style=\"color: #fa5b15;\">seguir o treinamento passo a passo<\/span>. Durante o processo de aprendizagem e trabalho, o seu treinador est\u00e1 sempre ao seu lado, ajudando a esclarecer d\u00favidas, resolver problemas t\u00e9cnicos, etc. <a href=\"https:\/\/drive.google.com\/file\/d\/120OnEqrZD8JPp37sm6TIrxkQBHLmQg3X\/view\" target=\"_blank\" rel=\"noopener\"><span style=\"color: #fa5b15;\">Fa\u00e7a o download do programa aqui.<\/span><\/a><\/span><\/p>\n<p><span style=\"color: #000000;\"><span style=\"color: #fa5b15;\">Selecione o idioma do curso agora.<\/span> Voc\u00ea tamb\u00e9m pode <span style=\"color: #fa5b15;\">adicionar legendas aos v\u00eddeos<\/span> clicando nas <span style=\"color: #fa5b15;\">configura\u00e7\u00f5es<\/span>\u00a0(settings) e escolhendo o idioma desejado.<\/span>[\/vc_column_text][vc_video link=&#8221;https:\/\/youtu.be\/MZbUR3KE-Yo&#8221; autoplay=&#8221;true&#8221;][vc_empty_space height=&#8221;80px&#8221;][vc_column_text css=&#8221;.vc_custom_1525689121466{margin-bottom: 0px !important;}&#8221;]<table id=\"wpcw_fe_course\" class=\"wpcw_fe_table\" cellspacing=\"0\" cellborder=\"0\"><tr class=\"wpcw_fe_module\" id=\"wpcw_fe_module_group_1\">\n\t\t\t\t<td class=\"wpcw_fe_module_title_header\">Module 1<\/td>\n\t\t\t\t<td class=\"wpcw_fe_module_desc_header\">Software<\/td>\n\t\t\t\t\n\t\t\t\t\n\t\t\t<\/tr><tr class=\"wpcw_fe_unit  wpcw_fe_module_group_1\">\n\t\t\t\t\t\t\t\t<td class=\"wpcw_fe_unit_title\">Lesson 1<\/td>\n\t\t\t\t\t\t\t\t<td class=\"wpcw_fe_unit\" >1.1 Caracter\u00edsticas do software<\/td>\n\t\t\t\t\t\t\t<\/tr><tr class=\"wpcw_fe_unit  wpcw_fe_module_group_1\">\n\t\t\t\t\t\t\t\t<td class=\"wpcw_fe_unit_title\">Lesson 2<\/td>\n\t\t\t\t\t\t\t\t<td class=\"wpcw_fe_unit\" >1.2 Navegadores<\/td>\n\t\t\t\t\t\t\t<\/tr><tr class=\"wpcw_fe_unit  wpcw_fe_module_group_1\">\n\t\t\t\t\t\t\t\t<td class=\"wpcw_fe_unit_title\">Lesson 3<\/td>\n\t\t\t\t\t\t\t\t<td class=\"wpcw_fe_unit\" >1.3 Bate-papo ao vivo<\/td>\n\t\t\t\t\t\t\t<\/tr><tr class=\"wpcw_fe_unit  wpcw_fe_module_group_1\">\n\t\t\t\t\t\t\t\t<td class=\"wpcw_fe_unit_title\">Lesson 4<\/td>\n\t\t\t\t\t\t\t\t<td class=\"wpcw_fe_unit\" >1.4 Correio do Thunderbird<\/td>\n\t\t\t\t\t\t\t<\/tr><tr class=\"wpcw_fe_unit  wpcw_fe_module_group_1\">\n\t\t\t\t\t\t\t\t<td class=\"wpcw_fe_unit_title\">Lesson 5<\/td>\n\t\t\t\t\t\t\t\t<td class=\"wpcw_fe_unit\" >1.4.1 Plugins do Thunderbird<\/td>\n\t\t\t\t\t\t\t<\/tr><tr class=\"wpcw_fe_unit  wpcw_fe_module_group_1\">\n\t\t\t\t\t\t\t\t<td class=\"wpcw_fe_unit_title\">Lesson 6<\/td>\n\t\t\t\t\t\t\t\t<td class=\"wpcw_fe_unit\" >1.3 VDM-Contact<\/td>\n\t\t\t\t\t\t\t<\/tr><tr class=\"wpcw_fe_unit  wpcw_fe_module_group_1\">\n\t\t\t\t\t\t\t\t<td class=\"wpcw_fe_unit_title\">Lesson 7<\/td>\n\t\t\t\t\t\t\t\t<td class=\"wpcw_fe_unit\" >1.6 P\u00e1gina da editora<\/td>\n\t\t\t\t\t\t\t<\/tr><tr class=\"wpcw_fe_unit  wpcw_fe_module_group_1\">\n\t\t\t\t\t\t\t\t<td class=\"wpcw_fe_unit_title\">Lesson 8<\/td>\n\t\t\t\t\t\t\t\t<td class=\"wpcw_fe_unit\" >1.7 Parceiros de impress\u00e3o<\/td>\n\t\t\t\t\t\t\t<\/tr><\/table><div class=\"wpcw_powered_by\">Powered By <a href=\"https:\/\/flyplugins.com\/?ref=1\"  target=\"_blank\">WP Courseware<\/a><\/div>[\/vc_column_text][vc_column_text css=&#8221;.vc_custom_1525689163436{margin-bottom: 0px !important;}&#8221;]<a href=\"https:\/\/wiki.omniscriptum.com\/wp-login.php?action=register&amp;course_id%5B0%5D=15&amp;_wp_enroll=d693702361\" class=\"fe_btn fe_btn_completion btn_completion\" id=\"enroll_registration\">Enroll Now<\/a>[\/vc_column_text][\/vc_column][\/vc_row]\n","protected":false},"excerpt":{"rendered":"<p>[vc_row][vc_column][vc_column_text css=&#8221;.vc_custom_1527605606701{margin-bottom: 0px !important;}&#8221;]O treinamento \u00e9 separado em 5 partes e voc\u00ea tamb\u00e9m tem a possibilidade de verificar seu conhecimento usando question\u00e1rios. Os m\u00f3dulos cont\u00eam li\u00e7\u00f5es relacionadas entre si, portanto, voc\u00ea n\u00e3o deve ignorar as li\u00e7\u00f5es. A multiplicidade de perguntas dos seus autores pode ter as respostas em uma das li\u00e7\u00f5es, por isso \u00e9 muito [&hellip;]<\/p>\n","protected":false},"author":33,"featured_media":0,"parent":0,"menu_order":0,"comment_status":"closed","ping_status":"closed","template":"","meta":{"_mc_calendar":[]},"categories":[],"tags":[],"_links":{"self":[{"href":"https:\/\/wiki.omniscriptum.com\/pt-br\/wp-json\/wp\/v2\/pages\/13471\/"}],"collection":[{"href":"https:\/\/wiki.omniscriptum.com\/pt-br\/wp-json\/wp\/v2\/pages\/"}],"about":[{"href":"https:\/\/wiki.omniscriptum.com\/pt-br\/wp-json\/wp\/v2\/types\/page\/"}],"author":[{"embeddable":true,"href":"https:\/\/wiki.omniscriptum.com\/pt-br\/wp-json\/wp\/v2\/users\/33\/"}],"replies":[{"embeddable":true,"href":"https:\/\/wiki.omniscriptum.com\/pt-br\/wp-json\/wp\/v2\/comments\/?post=13471"}],"version-history":[{"count":0,"href":"https:\/\/wiki.omniscriptum.com\/pt-br\/wp-json\/wp\/v2\/pages\/13471\/revisions\/"}],"wp:attachment":[{"href":"https:\/\/wiki.omniscriptum.com\/pt-br\/wp-json\/wp\/v2\/media\/?parent=13471"}],"wp:term":[{"taxonomy":"category","embeddable":true,"href":"https:\/\/wiki.omniscriptum.com\/pt-br\/wp-json\/wp\/v2\/categories\/?post=13471"},{"taxonomy":"post_tag","embeddable":true,"href":"https:\/\/wiki.omniscriptum.com\/pt-br\/wp-json\/wp\/v2\/tags\/?post=13471"}],"curies":[{"name":"wp","href":"https:\/\/api.w.org\/{rel}","templated":true}]}}