{"id":13420,"date":"2018-05-25T13:16:48","date_gmt":"2018-05-25T13:16:48","guid":{"rendered":"https:\/\/wiki.omniscriptum.com\/educacao-online\/"},"modified":"2018-06-19T09:18:46","modified_gmt":"2018-06-19T09:18:46","slug":"educacao-online","status":"publish","type":"page","link":"https:\/\/wiki.omniscriptum.com\/pt-br\/educacao-online\/","title":{"rendered":"Educa\u00e7\u00e3o online"},"content":{"rendered":"<?xml encoding=\"utf8\" ?>[vc_row css=&#8221;.vc_custom_1522446033205{padding-bottom: 20px !important;}&#8221;][vc_column][mk_layerslider id=&#8221;35&#8243;][\/vc_column][vc_column width=&#8221;1\/3&#8243; css=&#8221;.vc_custom_1522446105870{padding-top: 40px !important;}&#8221;][vc_icon type=&#8221;linecons&#8221; icon_linecons=&#8221;vc_li vc_li-display&#8221; color=&#8221;white&#8221; background_style=&#8221;rounded&#8221; background_color=&#8221;custom&#8221; align=&#8221;center&#8221; custom_background_color=&#8221;#efb700&#8243;][vc_custom_heading text=&#8221;Cursos online&#8221; font_container=&#8221;tag:p|font_size:20|text_align:center|color:%23fa5b15&#8243; use_theme_fonts=&#8221;yes&#8221; css=&#8221;.vc_custom_1526037738955{padding-right: 35px !important;padding-left: 35px !important;}&#8221;][vc_column_text css=&#8221;.vc_custom_1525859881850{padding-top: 10px !important;padding-right: 35px !important;padding-left: 35px !important;}&#8221;]\n<p style=\"text-align: center;\"><span style=\"color: #000000;\">Comece o treinamento usando nossa plataforma f\u00e1cil de usar que tamb\u00e9m inclui testes e simulados.<\/span><\/p>\n[\/vc_column_text][vc_btn title=&#8221;Saiba mais&#8221; style=&#8221;outline&#8221; shape=&#8221;round&#8221; color=&#8221;inverse&#8221; align=&#8221;center&#8221; button_block=&#8221;true&#8221; css=&#8221;.vc_custom_1526063520799{padding-top: 10px !important;}&#8221; link=&#8221;url:%2F%3Fpage_id%3D12463|&#8221;][\/vc_column][vc_column width=&#8221;1\/3&#8243; css=&#8221;.vc_custom_1522446111318{padding-top: 40px !important;}&#8221;][vc_icon type=&#8221;linecons&#8221; icon_linecons=&#8221;vc_li vc_li-study&#8221; color=&#8221;white&#8221; background_style=&#8221;rounded&#8221; background_color=&#8221;custom&#8221; align=&#8221;center&#8221; custom_background_color=&#8221;#efb700&#8243;][vc_custom_heading text=&#8221;Certificados de pr\u00eamios&#8221; font_container=&#8221;tag:p|font_size:20|text_align:center|color:%23fa5b15&#8243; use_theme_fonts=&#8221;yes&#8221; css=&#8221;.vc_custom_1526037758222{padding-right: 35px !important;padding-left: 35px !important;}&#8221;][vc_column_text css=&#8221;.vc_custom_1525859944082{padding-top: 10px !important;padding-right: 35px !important;padding-left: 35px !important;}&#8221;]\n<p style=\"text-align: center;\"><span style=\"color: #000000;\">Por performances destacadas, oferecemos um certificado que voc\u00ea pode usar para postula\u00e7\u00e3o de vagas.<\/span><\/p>\n[\/vc_column_text][vc_btn title=&#8221;&#8221; style=&#8221;outline&#8221; shape=&#8221;round&#8221; color=&#8221;inverse&#8221; align=&#8221;center&#8221; button_block=&#8221;true&#8221; css=&#8221;.vc_custom_1526037728398{padding-top: 10px !important;}&#8221; link=&#8221;url:%2F%3Fpage_id%3D9961|&#8221;][\/vc_column][vc_column width=&#8221;1\/3&#8243; css=&#8221;.vc_custom_1522446116669{padding-top: 40px !important;}&#8221;][vc_icon type=&#8221;linecons&#8221; icon_linecons=&#8221;vc_li vc_li-world&#8221; color=&#8221;white&#8221; background_style=&#8221;rounded&#8221; background_color=&#8221;custom&#8221; align=&#8221;center&#8221; custom_background_color=&#8221;#efb700&#8243;][vc_custom_heading text=&#8221;Crescimento de carreira&#8221; font_container=&#8221;tag:p|font_size:20|text_align:center|color:%23fa5b15&#8243; use_theme_fonts=&#8221;yes&#8221; css=&#8221;.vc_custom_1526037752354{padding-right: 35px !important;padding-left: 35px !important;}&#8221;][vc_column_text css=&#8221;.vc_custom_1525859983174{padding-top: 10px !important;padding-right: 35px !important;padding-left: 35px !important;}&#8221;]\n<p style=\"text-align: center;\"><span style=\"color: #000000;\">Voc\u00ea sempre tem a oportunidade de crescimento de carreira na industria de publica\u00e7\u00e3o na Omniscriptum.<\/span><\/p>\n[\/vc_column_text][vc_btn title=&#8221;Saiba mais&#8221; style=&#8221;outline&#8221; shape=&#8221;round&#8221; color=&#8221;inverse&#8221; align=&#8221;center&#8221; button_block=&#8221;true&#8221; css=&#8221;.vc_custom_1527078195723{padding-top: 10px !important;}&#8221; link=&#8221;url:https%3A%2F%2Fview.joomag.com%2Ffreelancers-network-marketing%2F0387322001522078719%3Fshort|target:%20_blank|&#8221;][\/vc_column][\/vc_row][vc_row gap=&#8221;20&#8243; equal_height=&#8221;yes&#8221; content_placement=&#8221;middle&#8221; css=&#8221;.vc_custom_1522446253022{padding-top: 20px !important;padding-bottom: 30px !important;}&#8221;][vc_column width=&#8221;1\/3&#8243; css=&#8221;.vc_custom_1522192486495{border-top-width: 2px !important;border-right-width: 2px !important;border-bottom-width: 2px !important;border-left-width: 2px !important;background-color: #4c70a3 !important;border-left-color: #aaaaaa !important;border-left-style: solid !important;border-right-color: #aaaaaa !important;border-right-style: solid !important;border-top-color: #aaaaaa !important;border-top-style: solid !important;border-bottom-color: #aaaaaa !important;border-bottom-style: solid !important;}&#8221;][vc_custom_heading text=&#8221;Testes&#8221; font_container=&#8221;tag:h2|font_size:20|text_align:center|color:%23ffffff&#8221; google_fonts=&#8221;font_family:Montserrat%3Aregular%2C700|font_style:400%20regular%3A400%3Anormal&#8221; css=&#8221;.vc_custom_1525860014513{padding-top: 30px !important;padding-right: 25px !important;padding-left: 25px !important;}&#8221;][vc_separator color=&#8221;custom&#8221; border_width=&#8221;2&#8243; el_width=&#8221;20&#8243; accent_color=&#8221;#ffffff&#8221; css=&#8221;.vc_custom_1522244628701{margin-bottom: 15px !important;}&#8221;][vc_column_text disable_pattern=&#8221;&#8221; margin_bottom=&#8221;&#8221; css=&#8221;.vc_custom_1529399907421{padding-right: 25px !important;padding-bottom: 25px !important;padding-left: 25px !important;}&#8221;]\n<p style=\"text-align: center;\"><span style=\"color: #ffffff;\">O curso online integra testes com perguntas no final de cada li\u00e7\u00e3o. Dessa forma, voc\u00ea poder\u00e1 avaliar facilmente seu conhecimento.<\/span><\/p>\n[\/vc_column_text][\/vc_column][vc_column border_color=&#8221;#aaaaaa&#8221; width=&#8221;1\/3&#8243; css=&#8221;.vc_custom_1522020199682{background-color: #4c70a3 !important;}&#8221;][vc_custom_heading text=&#8221;Assist\u00eancia de treinador(a)&#8221; font_container=&#8221;tag:h2|font_size:20|text_align:center|color:%23ffffff&#8221; google_fonts=&#8221;font_family:Montserrat%3Aregular%2C700|font_style:400%20regular%3A400%3Anormal&#8221; css=&#8221;.vc_custom_1525860028024{padding-top: 30px !important;padding-right: 25px !important;padding-left: 25px !important;}&#8221;][vc_separator color=&#8221;custom&#8221; border_width=&#8221;2&#8243; el_width=&#8221;20&#8243; accent_color=&#8221;#ffffff&#8221; css=&#8221;.vc_custom_1522244633254{margin-bottom: 15px !important;}&#8221;][vc_column_text css=&#8221;.vc_custom_1525860910682{padding-right: 25px !important;padding-left: 25px !important;}&#8221;]\n<p style=\"text-align: center;\"><span style=\"color: #ffffff;\">Durante o seu trabalho, voc\u00ea sempre conta com o apoio de seu treinador(a), que ir\u00e1 orient\u00e1-lo e ajud\u00e1-lo a alcan\u00e7ar bons resultados.<\/span><\/p>\n[\/vc_column_text][\/vc_column][vc_column border_color=&#8221;#aaaaaa&#8221; width=&#8221;1\/3&#8243; css=&#8221;.vc_custom_1522020212104{background-color: #4c70a3 !important;}&#8221;][vc_custom_heading text=&#8221;Caminhos de aprendizado&#8221; font_container=&#8221;tag:h2|font_size:20|text_align:center|color:%23ffffff&#8221; google_fonts=&#8221;font_family:Montserrat%3Aregular%2C700|font_style:400%20regular%3A400%3Anormal&#8221; css=&#8221;.vc_custom_1525860037838{padding-top: 30px !important;padding-right: 25px !important;padding-left: 25px !important;}&#8221;][vc_separator color=&#8221;custom&#8221; border_width=&#8221;2&#8243; el_width=&#8221;20&#8243; accent_color=&#8221;#ffffff&#8221; css=&#8221;.vc_custom_1522244653807{margin-bottom: 15px !important;}&#8221;][vc_column_text css=&#8221;.vc_custom_1525860975130{padding-right: 25px !important;padding-bottom: 25px !important;padding-left: 25px !important;}&#8221;]\n<p style=\"text-align: center;\"><span style=\"color: #ffffff;\">Os m\u00f3dulos cont\u00e9m li\u00e7\u00f5es que ajudar\u00e3o voc\u00ea a dominar um tema em pequenos passos.\u00a0<\/span><\/p>\n[\/vc_column_text][\/vc_column][\/vc_row]\n","protected":false},"excerpt":{"rendered":"<p>[vc_row css=&#8221;.vc_custom_1522446033205{padding-bottom: 20px !important;}&#8221;][vc_column][mk_layerslider id=&#8221;35&#8243;][\/vc_column][vc_column width=&#8221;1\/3&#8243; css=&#8221;.vc_custom_1522446105870{padding-top: 40px !important;}&#8221;][vc_icon type=&#8221;linecons&#8221; icon_linecons=&#8221;vc_li vc_li-display&#8221; color=&#8221;white&#8221; background_style=&#8221;rounded&#8221; background_color=&#8221;custom&#8221; align=&#8221;center&#8221; custom_background_color=&#8221;#efb700&#8243;][vc_custom_heading text=&#8221;Cursos online&#8221; font_container=&#8221;tag:p|font_size:20|text_align:center|color:%23fa5b15&#8243; use_theme_fonts=&#8221;yes&#8221; css=&#8221;.vc_custom_1526037738955{padding-right: 35px !important;padding-left: 35px !important;}&#8221;][vc_column_text css=&#8221;.vc_custom_1525859881850{padding-top: 10px !important;padding-right: 35px !important;padding-left: 35px !important;}&#8221;] Comece o treinamento usando nossa plataforma f\u00e1cil de usar que tamb\u00e9m inclui testes e simulados. [\/vc_column_text][vc_btn title=&#8221;Saiba mais&#8221; style=&#8221;outline&#8221; shape=&#8221;round&#8221; color=&#8221;inverse&#8221; align=&#8221;center&#8221; [&hellip;]<\/p>\n","protected":false},"author":33,"featured_media":0,"parent":0,"menu_order":0,"comment_status":"closed","ping_status":"closed","template":"","meta":{"_mc_calendar":[]},"categories":[],"tags":[],"_links":{"self":[{"href":"https:\/\/wiki.omniscriptum.com\/pt-br\/wp-json\/wp\/v2\/pages\/13420\/"}],"collection":[{"href":"https:\/\/wiki.omniscriptum.com\/pt-br\/wp-json\/wp\/v2\/pages\/"}],"about":[{"href":"https:\/\/wiki.omniscriptum.com\/pt-br\/wp-json\/wp\/v2\/types\/page\/"}],"author":[{"embeddable":true,"href":"https:\/\/wiki.omniscriptum.com\/pt-br\/wp-json\/wp\/v2\/users\/33\/"}],"replies":[{"embeddable":true,"href":"https:\/\/wiki.omniscriptum.com\/pt-br\/wp-json\/wp\/v2\/comments\/?post=13420"}],"version-history":[{"count":0,"href":"https:\/\/wiki.omniscriptum.com\/pt-br\/wp-json\/wp\/v2\/pages\/13420\/revisions\/"}],"wp:attachment":[{"href":"https:\/\/wiki.omniscriptum.com\/pt-br\/wp-json\/wp\/v2\/media\/?parent=13420"}],"wp:term":[{"taxonomy":"category","embeddable":true,"href":"https:\/\/wiki.omniscriptum.com\/pt-br\/wp-json\/wp\/v2\/categories\/?post=13420"},{"taxonomy":"post_tag","embeddable":true,"href":"https:\/\/wiki.omniscriptum.com\/pt-br\/wp-json\/wp\/v2\/tags\/?post=13420"}],"curies":[{"name":"wp","href":"https:\/\/api.w.org\/{rel}","templated":true}]}}