{"id":13413,"date":"2018-05-25T12:09:14","date_gmt":"2018-05-25T12:09:14","guid":{"rendered":"https:\/\/wiki.omniscriptum.com\/autores\/"},"modified":"2018-05-29T08:39:38","modified_gmt":"2018-05-29T08:39:38","slug":"autores","status":"publish","type":"page","link":"https:\/\/wiki.omniscriptum.com\/pt-br\/autores\/","title":{"rendered":"Autores"},"content":{"rendered":"<?xml encoding=\"utf8\" ?>[vc_row fullwidth=&#8221;true&#8221; fullwidth_content=&#8221;false&#8221;][vc_column][layerslider_vc id=&#8221;6&#8243;][\/vc_column][\/vc_row][vc_row full_width=&#8221;stretch_row_content_no_spaces&#8221; equal_height=&#8221;yes&#8221; css=&#8221;.vc_custom_1522248624697{margin-top: 0px !important;margin-bottom: 0px !important;padding-top: 15px !important;padding-bottom: 30px !important;}&#8221;][vc_column width=&#8221;2\/3&#8243; css=&#8221;.vc_custom_1520595944982{padding-right: 30px !important;padding-left: 30px !important;}&#8221;][vc_column_text css=&#8221;.vc_custom_1527583174503{margin-bottom: 0px !important;}&#8221;]<span style=\"color: #000000;\"><span style=\"color: #fa5b15;\">OmniScriptum<\/span> oferece a possibilidade de autores de todo o mundo de publicar sua pesquisa, teses, disserta\u00e7\u00f5es, artigos em forma de livro impresso. Publicamos livros em mais de 15 idiomas, e oferecemos um layout variado, canais de divulga\u00e7\u00e3o e distribui\u00e7\u00e3o, etc.<\/span><\/p>\n<p><span style=\"color: #000000;\">N\u00e3o h\u00e1 barreiras para n\u00f3s todos os autores que pesquisaram um t\u00f3pico em especial, que desenvolveram novas ideias e tecnologias ou m\u00e9todos, t\u00eam a oportunidade de espalhar seu conhecimento a leitores em todo o mundo.<\/span><\/p>\n<p><span style=\"color: #000000;\">Tamb\u00e9m nos reunimos com nossos autores que publicaram mais de 20 livros conosco, que confiam em n\u00f3s e est\u00e3o sempre colaborando com a Omniscriptum. Nossos autores tamb\u00e9m se beneficiam com <span style=\"color: #fa5b15;\">12% de repasse de direitos autorais<\/span> e descontos significativos. Consideramos que nossos autores fazem parte da fam\u00edlia\u00a0 OmniScriptum e sempre focamos em melhorar nossos servi\u00e7os tomando em considera\u00e7\u00e3o todos os pedidos dos mesmos.<\/span><\/p>\n<p><span style=\"color: #000000;\">Encontre milhares de autores na nossa loja oficial <span style=\"color: #fa5b15;\"><a style=\"color: #fa5b15;\" href=\"https:\/\/www.morebooks.de\/\" target=\"_blank\" rel=\"noopener\">www.morebooks.de<\/a>\u00a0<\/span><\/span>[\/vc_column_text][\/vc_column][vc_column width=&#8221;1\/3&#8243; css=&#8221;.vc_custom_1520596065430{padding-right: 20px !important;}&#8221;][vc_video link=&#8221;https:\/\/www.youtube.com\/watch?v=rLCsX35FUfQ&amp;t=3s&#8221; autoplay=&#8221;true&#8221;][\/vc_column][\/vc_row]\n","protected":false},"excerpt":{"rendered":"<p>[vc_row fullwidth=&#8221;true&#8221; fullwidth_content=&#8221;false&#8221;][vc_column][layerslider_vc id=&#8221;6&#8243;][\/vc_column][\/vc_row][vc_row full_width=&#8221;stretch_row_content_no_spaces&#8221; equal_height=&#8221;yes&#8221; css=&#8221;.vc_custom_1522248624697{margin-top: 0px !important;margin-bottom: 0px !important;padding-top: 15px !important;padding-bottom: 30px !important;}&#8221;][vc_column width=&#8221;2\/3&#8243; css=&#8221;.vc_custom_1520595944982{padding-right: 30px !important;padding-left: 30px !important;}&#8221;][vc_column_text css=&#8221;.vc_custom_1527583174503{margin-bottom: 0px !important;}&#8221;]OmniScriptum oferece a possibilidade de autores de todo o mundo de publicar sua pesquisa, teses, disserta\u00e7\u00f5es, artigos em forma de livro impresso. Publicamos livros em mais de 15 idiomas, e oferecemos um [&hellip;]<\/p>\n","protected":false},"author":33,"featured_media":0,"parent":0,"menu_order":0,"comment_status":"closed","ping_status":"closed","template":"","meta":{"_mc_calendar":[]},"categories":[],"tags":[],"_links":{"self":[{"href":"https:\/\/wiki.omniscriptum.com\/pt-br\/wp-json\/wp\/v2\/pages\/13413\/"}],"collection":[{"href":"https:\/\/wiki.omniscriptum.com\/pt-br\/wp-json\/wp\/v2\/pages\/"}],"about":[{"href":"https:\/\/wiki.omniscriptum.com\/pt-br\/wp-json\/wp\/v2\/types\/page\/"}],"author":[{"embeddable":true,"href":"https:\/\/wiki.omniscriptum.com\/pt-br\/wp-json\/wp\/v2\/users\/33\/"}],"replies":[{"embeddable":true,"href":"https:\/\/wiki.omniscriptum.com\/pt-br\/wp-json\/wp\/v2\/comments\/?post=13413"}],"version-history":[{"count":0,"href":"https:\/\/wiki.omniscriptum.com\/pt-br\/wp-json\/wp\/v2\/pages\/13413\/revisions\/"}],"wp:attachment":[{"href":"https:\/\/wiki.omniscriptum.com\/pt-br\/wp-json\/wp\/v2\/media\/?parent=13413"}],"wp:term":[{"taxonomy":"category","embeddable":true,"href":"https:\/\/wiki.omniscriptum.com\/pt-br\/wp-json\/wp\/v2\/categories\/?post=13413"},{"taxonomy":"post_tag","embeddable":true,"href":"https:\/\/wiki.omniscriptum.com\/pt-br\/wp-json\/wp\/v2\/tags\/?post=13413"}],"curies":[{"name":"wp","href":"https:\/\/api.w.org\/{rel}","templated":true}]}}