{"id":13407,"date":"2018-05-25T11:47:37","date_gmt":"2018-05-25T11:47:37","guid":{"rendered":"https:\/\/wiki.omniscriptum.com\/sobre-omniscriptum\/"},"modified":"2018-05-25T11:48:41","modified_gmt":"2018-05-25T11:48:41","slug":"sobre-omniscriptum","status":"publish","type":"page","link":"https:\/\/wiki.omniscriptum.com\/pt-br\/sobre-omniscriptum\/","title":{"rendered":"Sobre OmniScriptum"},"content":{"rendered":"<?xml encoding=\"utf8\" ?>[vc_row content_placement=&#8221;top&#8221;][vc_column][layerslider_vc id=&#8221;26&#8243;][\/vc_column][\/vc_row][vc_row el_class=&#8221;vc_row_text&#8221;][vc_column width=&#8221;2\/3&#8243;][vc_column_text css=&#8221;.vc_custom_1522021354118{margin-bottom: 0px !important;padding-right: 30px !important;padding-left: 30px !important;}&#8221;]<span style=\"color: #000000;\">Quando a editora VDM foi lan\u00e7ada pelo Dr. Wolfgang Philipp M\u00fcller em 2002, e relan\u00e7ada como \u201cOmniscriptum\u201d em 2013, ele percebeu sua vis\u00e3o de um conceito inovador e pouco convencional. Em contraste com o restritivo, consumidor de tempo e de alto custo do processo das editoras convencionais, sua meta era de trazer livros de forma eficiente, r\u00e1pida, direto e particularmente sem custo para os autores no mercado.<\/span><\/p>\n<p><span style=\"color: #000000;\">O procedimento inovador de impress\u00e3o sob demanda (em ingl\u00eas POD, Print-on-Demand) trouxe\u00a0 muitos requerimentos ideais t\u00e9cnicos e foi a base perfeita para o modelo de neg\u00f3cios de OMS. Esse novo modelo de neg\u00f3cios foi revolucion\u00e1rio no seu momento no panorama das editoras mais convencionais e ent\u00e3o criticamente reconhecida.<\/span>[\/vc_column_text][vc_column_text css=&#8221;.vc_custom_1526036756112{margin-bottom: 0px !important;padding-top: 15px !important;padding-right: 30px !important;padding-bottom: 40px !important;padding-left: 30px !important;}&#8221;]<span style=\"color: #000000;\">Desde 2005 nosso programa de publica\u00e7\u00e3o \u00e9 continuamente expandido e internacionalizado- com o foco n\u00e3o somente em trabalhos acad\u00eamicos, mas tamb\u00e9m em um rango mais amplo de bem sucedidas e excitantes editoras que s\u00e3o mais de 40 (<span style=\"color: #fa5b15;\"><a style=\"color: #fa5b15;\" href=\"https:\/\/www.omniscriptum.com\/index.php?id=35&amp;L=1\">omniscriptum.com\/imprints<\/a><\/span>).\u00a0 Uma equipe de mais de 240 empregados motivados possibilita os autores de todo o mundo para publicar seus trabalhos completamente gr\u00e1tis em diferentes g\u00eaneros e idiomas.<\/span><\/p>\n<p><span style=\"color: #000000;\">Hoje a Omniscriptum \u00e9:\u00a0<\/span><\/p>\n<p><span style=\"color: #000000;\">&#8211; um neg\u00f3cio em crescimento e din\u00e2mico\u00a0<\/span><\/p>\n<ul>\n<li><span style=\"color: #000000;\">inovador, r\u00e1pido e multifac\u00e9tico<\/span><\/li>\n<li><span style=\"color: #000000;\">Operado globalmente<\/span><\/li>\n<li><span style=\"color: #000000;\">um time motivado e criativo<\/span><\/li>\n<li><span style=\"color: #000000;\">um servi\u00e7o completo, excelente e pessoal<\/span><\/li>\n<\/ul>\n<p><span style=\"color: #000000;\">Explore nossa p\u00e1gina online\u00a0<\/span><span style=\"color: #fa5b15;\"><a style=\"color: #fa5b15;\" href=\"https:\/\/www.omniscriptum.com\/\">www.omniscriptum.com<\/a><\/span>[\/vc_column_text][\/vc_column][vc_column width=&#8221;1\/3&#8243;][vc_row_inner][vc_column_inner css=&#8221;.vc_custom_1519036275963{padding-top: 20px !important;}&#8221;][vc_video max_width=&#8221;&#8221; link=&#8221;https:\/\/www.youtube.com\/watch?v=lMXyQEoqF0g&#8221; autoplay=&#8221;true&#8221; css=&#8221;.vc_custom_1520545611619{padding-right: 20px !important;}&#8221;][\/vc_column_inner][\/vc_row_inner][\/vc_column][\/vc_row]\n","protected":false},"excerpt":{"rendered":"<p>[vc_row content_placement=&#8221;top&#8221;][vc_column][layerslider_vc id=&#8221;26&#8243;][\/vc_column][\/vc_row][vc_row el_class=&#8221;vc_row_text&#8221;][vc_column width=&#8221;2\/3&#8243;][vc_column_text css=&#8221;.vc_custom_1522021354118{margin-bottom: 0px !important;padding-right: 30px !important;padding-left: 30px !important;}&#8221;]Quando a editora VDM foi lan\u00e7ada pelo Dr. Wolfgang Philipp M\u00fcller em 2002, e relan\u00e7ada como \u201cOmniscriptum\u201d em 2013, ele percebeu sua vis\u00e3o de um conceito inovador e pouco convencional. Em contraste com o restritivo, consumidor de tempo e de alto custo do processo [&hellip;]<\/p>\n","protected":false},"author":33,"featured_media":0,"parent":0,"menu_order":0,"comment_status":"closed","ping_status":"closed","template":"","meta":{"_mc_calendar":[]},"categories":[],"tags":[],"_links":{"self":[{"href":"https:\/\/wiki.omniscriptum.com\/pt-br\/wp-json\/wp\/v2\/pages\/13407\/"}],"collection":[{"href":"https:\/\/wiki.omniscriptum.com\/pt-br\/wp-json\/wp\/v2\/pages\/"}],"about":[{"href":"https:\/\/wiki.omniscriptum.com\/pt-br\/wp-json\/wp\/v2\/types\/page\/"}],"author":[{"embeddable":true,"href":"https:\/\/wiki.omniscriptum.com\/pt-br\/wp-json\/wp\/v2\/users\/33\/"}],"replies":[{"embeddable":true,"href":"https:\/\/wiki.omniscriptum.com\/pt-br\/wp-json\/wp\/v2\/comments\/?post=13407"}],"version-history":[{"count":0,"href":"https:\/\/wiki.omniscriptum.com\/pt-br\/wp-json\/wp\/v2\/pages\/13407\/revisions\/"}],"wp:attachment":[{"href":"https:\/\/wiki.omniscriptum.com\/pt-br\/wp-json\/wp\/v2\/media\/?parent=13407"}],"wp:term":[{"taxonomy":"category","embeddable":true,"href":"https:\/\/wiki.omniscriptum.com\/pt-br\/wp-json\/wp\/v2\/categories\/?post=13407"},{"taxonomy":"post_tag","embeddable":true,"href":"https:\/\/wiki.omniscriptum.com\/pt-br\/wp-json\/wp\/v2\/tags\/?post=13407"}],"curies":[{"name":"wp","href":"https:\/\/api.w.org\/{rel}","templated":true}]}}