{"id":13394,"date":"2018-05-25T10:04:31","date_gmt":"2018-05-25T10:04:31","guid":{"rendered":"https:\/\/wiki.omniscriptum.com\/omniscriptum-home\/"},"modified":"2019-02-19T12:55:13","modified_gmt":"2019-02-19T12:55:13","slug":"omniscriptum-home","status":"publish","type":"page","link":"https:\/\/wiki.omniscriptum.com\/pt-br\/","title":{"rendered":"OmniScriptum-Home"},"content":{"rendered":"<?xml encoding=\"utf8\" ?>[vc_row parallax=&#8221;content-moving&#8221; full_width=&#8221;stretch_row_content&#8221; content_placement=&#8221;middle&#8221; css=&#8221;.vc_custom_1522231244250{background-position: center;background-repeat: no-repeat;background-size:cover;}&#8221;][vc_column][layerslider_vc id=&#8221;34&#8243;][vc_row_inner][vc_column_inner width=&#8221;1\/3&#8243;][vc_custom_heading text=&#8221;R\u00e1pido e eficiente&#8221; font_container=&#8221;tag:p|font_size:20|text_align:left|color:%23fa5b15&#8243; google_fonts=&#8221;font_family:Cambo%3Aregular|font_style:400%20regular%3A400%3Anormal&#8221; css=&#8221;.vc_custom_1526063760871{margin-top: 24px !important;margin-bottom: 24px !important;}&#8221;][vc_column_text css=&#8221;.vc_custom_1523302783511{margin-bottom: 0px !important;}&#8221;]<span style=\"color: #000000;\">Nossos autores confirmam os termos e condi\u00e7\u00f5es de forma online, logo carregam seu trabalho em sua conta de autor pessoal, escolhem a sua capa do livro e lan\u00e7am as informa\u00e7\u00f5es do livro para impress\u00e3o.<\/span>[\/vc_column_text][\/vc_column_inner][vc_column_inner width=&#8221;1\/3&#8243;][vc_custom_heading text=&#8221;Vendas mundiais e locais&#8221; font_container=&#8221;tag:p|font_size:20|text_align:left|color:%23fa5b15&#8243; google_fonts=&#8221;font_family:Cambo%3Aregular|font_style:400%20regular%3A400%3Anormal&#8221; css=&#8221;.vc_custom_1525863804851{margin-top: 24px !important;margin-bottom: 24px !important;}&#8221;][vc_column_text css=&#8221;.vc_custom_1522232178549{margin-bottom: 0px !important;}&#8221;]<span style=\"color: #000000;\">O cliente \u00e9 informado de seu livro intencionalmente. N\u00f3s abastecemos os cat\u00e1logos de livros relevante em todo o mundo. Al\u00e9m do mais, seu livro \u00e9 oferecido a todos os l\u00edderes em distribui\u00e7\u00e3o de livros internacionais.<\/span>[\/vc_column_text][\/vc_column_inner][vc_column_inner width=&#8221;1\/3&#8243;][vc_custom_heading text=&#8221;Propaganda e Publicidade&#8221; font_container=&#8221;tag:p|font_size:20|text_align:left|color:%23fa5b15&#8243; google_fonts=&#8221;font_family:Cambo%3Aregular|font_style:400%20regular%3A400%3Anormal&#8221; css=&#8221;.vc_custom_1525863813341{margin-top: 24px !important;margin-bottom: 24px !important;}&#8221;][vc_column_text css=&#8221;.vc_custom_1522232198091{margin-bottom: 0px !important;}&#8221;]<span style=\"color: #000000;\">Estamos contentes em apoiar nossos autores em <span style=\"color: #fa5b15;\">v\u00e1rias campanhas publicit\u00e1rias<\/span>, por exemplo, publicando an\u00fancios de publica\u00e7\u00f5es em nossas redes sociais ou provendo banners e p\u00f4steres, os quais podem ser usados por nossos autores para promover seus livros de forma profissional.<\/span>[\/vc_column_text][\/vc_column_inner][\/vc_row_inner][\/vc_column][\/vc_row][vc_row gap=&#8221;10&#8243; qt_container=&#8221;true&#8221;][vc_column width=&#8221;1\/3&#8243;][vc_single_image image=&#8221;14140&#8243; img_size=&#8221;200&#215;200&#8243; alignment=&#8221;center&#8221; style=&#8221;vc_box_circle_2&#8243;][vc_custom_heading text=&#8221;Aicha Ouassekssou (Editor)&#8221; font_container=&#8221;tag:p|font_size:20|text_align:center|color:%23fa5b15&#8243; use_theme_fonts=&#8221;yes&#8221;][vc_column_text css=&#8221;.vc_custom_1550580064332{margin-bottom: 0px !important;}&#8221;]<span style=\"color: #000000;\">\u201cOmniscriptum is changing the concept of freelance job, when I started working as a freelancer, I followed the training platform and I found out a new learning concept that makes my daily work easier.\u00a0Switching between the platforms, and with the help of my trainer, I learned how to search for more authors, and how to convince them to publish in a professional way.\u00a0Thank you all for making our work easier!\u201c<\/span>[\/vc_column_text][\/vc_column][vc_column width=&#8221;1\/3&#8243;][vc_single_image image=&#8221;14164&#8243; img_size=&#8221;200&#215;200&#8243; alignment=&#8221;center&#8221; style=&#8221;vc_box_circle_2&#8243;][vc_custom_heading text=&#8221;Tatiana Botnari (Editor)&#8221; font_container=&#8221;tag:p|font_size:20|text_align:center|color:%23fa5b15&#8243; use_theme_fonts=&#8221;yes&#8221;][vc_column_text css=&#8221;.vc_custom_1550580116469{margin-bottom: 0px !important;}&#8221;]<span style=\"color: #000000;\">\u201cI like being a freelancer since I can work from home or any other places. \u00a0Also I have a job even if I\u2019m in maternity leave and I like that I\u2019m doing a useful work (for authors and for me) which allows me to progress professionally.\u00a0I like that working as freelancer\u00a0 I can spend time with my family and I\u2019m always present when my baby needs me.\u201d<\/span>[\/vc_column_text][\/vc_column][vc_column width=&#8221;1\/3&#8243;][vc_single_image image=&#8221;14146&#8243; img_size=&#8221;200&#215;200&#8243; alignment=&#8221;center&#8221; style=&#8221;vc_box_circle_2&#8243;][vc_custom_heading text=&#8221;Venice Ibrahim (Editor)&#8221; font_container=&#8221;tag:p|font_size:20|text_align:center|color:%23fa5b15&#8243; use_theme_fonts=&#8221;yes&#8221;][vc_column_text css=&#8221;.vc_custom_1550580182589{margin-bottom: 0px !important;}&#8221;]<span style=\"color: #000000;\">\u201cI am very grateful to have been given the opportunity to work as a freelance editor with the unique Omniscriptum Publishing company, revising manuscripts of various academic and scientific topics, which is a very interesting giving my wide range of knowledge, as well as I have got to know a trainer who is so helpful, understanding , skillful, kind and talented person. I am so lucky and blessed to be working with him in the unique\u00a0 Omniscriptum as a freelance editor beside being a proud author of 3 humble books published with Lambert Academic Publishing.\u201d<\/span>[\/vc_column_text][\/vc_column][\/vc_row][vc_row gap=&#8221;20&#8243; qt_container=&#8221;true&#8221;][vc_column width=&#8221;1\/3&#8243;][vc_single_image image=&#8221;14158&#8243; img_size=&#8221;200&#215;200&#8243; alignment=&#8221;center&#8221; style=&#8221;vc_box_circle_2&#8243; css=&#8221;.vc_custom_1550580198996{padding-top: 20px !important;}&#8221;][vc_custom_heading text=&#8221;Belisa Moreira (Editor)&#8221; font_container=&#8221;tag:p|font_size:20|text_align:center|color:%23fa5b15&#8243; use_theme_fonts=&#8221;yes&#8221;][vc_column_text css=&#8221;.vc_custom_1550580225555{margin-bottom: 0px !important;}&#8221;]<span style=\"color: #000000;\">\u201cOmniScriptum has given me all the practical tools to performe a good job. It\u2019s realy challenging to make a living through the freelance work, although feels great to have independence in our work and schedule, always counting on our trainers for support.\u201d<\/span>[\/vc_column_text][\/vc_column][vc_column width=&#8221;1\/3&#8243;][vc_single_image image=&#8221;14152&#8243; img_size=&#8221;200&#215;200&#8243; alignment=&#8221;center&#8221; style=&#8221;vc_box_circle_2&#8243; css=&#8221;.vc_custom_1550580283119{padding-top: 20px !important;}&#8221;][vc_custom_heading text=&#8221;Mihaela Priboi (Editor)&#8221; font_container=&#8221;tag:p|font_size:20|text_align:center|color:%23fa5b15&#8243; use_theme_fonts=&#8221;yes&#8221;][vc_column_text css=&#8221;.vc_custom_1550580270000{margin-bottom: 0px !important;}&#8221;]<span style=\"color: #000000;\">\u201cMy experience as a freelancer editor can be resumed as it follows: 1. my first 3-4 months were exalting, being able to learn new things; 2.\u00a0the next 3-4 months were challenging, being able to apply what I have learned and to be better every day; 3.\u00a0the last months were the best of my experience as a freelance editor, because I proved my self I could be on my own feet, I could take my own decisions and even help colleagues become better editors.\u00a0With the last changes that came in the company it is not easy to deal, but no good thing in life comes easy, so I will keep my hard work, improve my abilities and hope to be a piece of resistance, an important pawn to bring benefits to the company and to the society in general.\u00a0Thank you Omniscriptum for being!\u201d<\/span>[\/vc_column_text][\/vc_column][vc_column width=&#8221;1\/3&#8243;][vc_single_image image=&#8221;14171&#8243; img_size=&#8221;200&#215;200&#8243; alignment=&#8221;center&#8221; style=&#8221;vc_box_circle_2&#8243; css=&#8221;.vc_custom_1550580300092{padding-top: 20px !important;}&#8221;][vc_custom_heading text=&#8221;Hiteesha Bachoo (Editor)&#8221; font_container=&#8221;tag:p|font_size:20|text_align:center|color:%23fa5b15&#8243; use_theme_fonts=&#8221;yes&#8221;][vc_column_text css=&#8221;.vc_custom_1550580643871{margin-bottom: 0px !important;}&#8221;]<span style=\"color: #000000;\">&#8220;My experience as a freelancer is awesome. I can work at my own pace and time with minimum supervision which is very encouraging. I get any help needed in case of any difficulties and issues. I always try my best for better sales.&#8221;<\/span>[\/vc_column_text][\/vc_column][\/vc_row]\n","protected":false},"excerpt":{"rendered":"<p>[vc_row parallax=&#8221;content-moving&#8221; full_width=&#8221;stretch_row_content&#8221; content_placement=&#8221;middle&#8221; css=&#8221;.vc_custom_1522231244250{background-position: center;background-repeat: no-repeat;background-size:cover;}&#8221;][vc_column][layerslider_vc id=&#8221;34&#8243;][vc_row_inner][vc_column_inner width=&#8221;1\/3&#8243;][vc_custom_heading text=&#8221;R\u00e1pido e eficiente&#8221; font_container=&#8221;tag:p|font_size:20|text_align:left|color:%23fa5b15&#8243; google_fonts=&#8221;font_family:Cambo%3Aregular|font_style:400%20regular%3A400%3Anormal&#8221; css=&#8221;.vc_custom_1526063760871{margin-top: 24px !important;margin-bottom: 24px !important;}&#8221;][vc_column_text css=&#8221;.vc_custom_1523302783511{margin-bottom: 0px !important;}&#8221;]Nossos autores confirmam os termos e condi\u00e7\u00f5es de forma online, logo carregam seu trabalho em sua conta de autor pessoal, escolhem a sua capa do livro e lan\u00e7am as informa\u00e7\u00f5es do livro para impress\u00e3o.[\/vc_column_text][\/vc_column_inner][vc_column_inner [&hellip;]<\/p>\n","protected":false},"author":33,"featured_media":0,"parent":0,"menu_order":0,"comment_status":"closed","ping_status":"closed","template":"","meta":{"_mc_calendar":[]},"categories":[],"tags":[],"_links":{"self":[{"href":"https:\/\/wiki.omniscriptum.com\/pt-br\/wp-json\/wp\/v2\/pages\/13394\/"}],"collection":[{"href":"https:\/\/wiki.omniscriptum.com\/pt-br\/wp-json\/wp\/v2\/pages\/"}],"about":[{"href":"https:\/\/wiki.omniscriptum.com\/pt-br\/wp-json\/wp\/v2\/types\/page\/"}],"author":[{"embeddable":true,"href":"https:\/\/wiki.omniscriptum.com\/pt-br\/wp-json\/wp\/v2\/users\/33\/"}],"replies":[{"embeddable":true,"href":"https:\/\/wiki.omniscriptum.com\/pt-br\/wp-json\/wp\/v2\/comments\/?post=13394"}],"version-history":[{"count":4,"href":"https:\/\/wiki.omniscriptum.com\/pt-br\/wp-json\/wp\/v2\/pages\/13394\/revisions\/"}],"predecessor-version":[{"id":14193,"href":"https:\/\/wiki.omniscriptum.com\/pt-br\/wp-json\/wp\/v2\/pages\/13394\/revisions\/14193\/"}],"wp:attachment":[{"href":"https:\/\/wiki.omniscriptum.com\/pt-br\/wp-json\/wp\/v2\/media\/?parent=13394"}],"wp:term":[{"taxonomy":"category","embeddable":true,"href":"https:\/\/wiki.omniscriptum.com\/pt-br\/wp-json\/wp\/v2\/categories\/?post=13394"},{"taxonomy":"post_tag","embeddable":true,"href":"https:\/\/wiki.omniscriptum.com\/pt-br\/wp-json\/wp\/v2\/tags\/?post=13394"}],"curies":[{"name":"wp","href":"https:\/\/api.w.org\/{rel}","templated":true}]}}