{"id":13537,"date":"2018-05-29T08:52:12","date_gmt":"2018-05-29T08:52:12","guid":{"rendered":"https:\/\/wiki.omniscriptum.com\/contactez-nous\/"},"modified":"2018-05-29T08:53:05","modified_gmt":"2018-05-29T08:53:05","slug":"contactez-nous","status":"publish","type":"page","link":"https:\/\/wiki.omniscriptum.com\/fr\/contactez-nous\/","title":{"rendered":"Contactez-nous"},"content":{"rendered":"<?xml encoding=\"utf8\" ?>[vc_row css=&#8221;.vc_custom_1511192652239{padding-top: 30px !important;}&#8221;][vc_column][vc_custom_heading text=&#8221;Nous sommes l\u00e0 pour vous aider !&#8221; font_container=&#8221;tag:h2|font_size:20|text_align:center|color:%23000000&#8243; google_fonts=&#8221;font_family:Montserrat%3Aregular%2C700|font_style:400%20regular%3A400%3Anormal&#8221;][\/vc_column][\/vc_row][vc_row css=&#8221;.vc_custom_1511192659338{padding-top: 10px !important;}&#8221;][vc_column][vc_custom_heading text=&#8221;Nous appr\u00e9cions la cr\u00e9ativit\u00e9, l&#8217;ouverture d&#8217;esprit, n&#8217;h\u00e9sitez pas \u00e0 nous contacter ! &#8221; font_container=&#8221;tag:h2|font_size:20|text_align:center|color:%23000000&#8243; google_fonts=&#8221;font_family:Montserrat%3Aregular%2C700|font_style:400%20regular%3A400%3Anormal&#8221; css=&#8221;.vc_custom_1511192979470{padding-top: 10px !important;}&#8221;][\/vc_column][\/vc_row][vc_row css=&#8221;.vc_custom_1511192666152{padding-top: 50px !important;padding-bottom: 80px !important;}&#8221;][vc_column width=&#8221;1\/3&#8243;][vc_icon icon_fontawesome=&#8221;fa fa-map-marker&#8221; color=&#8221;black&#8221; background_style=&#8221;rounded&#8221; background_color=&#8221;white&#8221; size=&#8221;lg&#8221; align=&#8221;center&#8221;][vc_column_text css=&#8221;.vc_custom_1517403099503{margin-bottom: 0px !important;}&#8221;]\n<p style=\"text-align: center;\"><span style=\"color: #000000;\">SIA\u00a0OmniScriptum\u00a0Publishing<\/span><\/p>\n<p style=\"text-align: center;\"><span style=\"color: #000000;\">Brivibas gatve 197, LV-1039, Riga,\u00a0Latvia<\/span><\/p>\n[\/vc_column_text][\/vc_column][vc_column width=&#8221;1\/3&#8243;][vc_icon icon_fontawesome=&#8221;fa fa-envelope-o&#8221; color=&#8221;black&#8221; background_style=&#8221;rounded&#8221; background_color=&#8221;white&#8221; size=&#8221;lg&#8221; align=&#8221;center&#8221;][vc_column_text css=&#8221;.vc_custom_1511192869471{margin-bottom: 0px !important;}&#8221;]\n<p style=\"text-align: center;\"><span style=\"color: #000000;\">freelancer@omniscriptum.com<\/span><\/p>\n[\/vc_column_text][\/vc_column][vc_column width=&#8221;1\/3&#8243;][vc_icon icon_fontawesome=&#8221;fa fa-facebook&#8221; color=&#8221;black&#8221; background_style=&#8221;rounded&#8221; background_color=&#8221;white&#8221; size=&#8221;lg&#8221; align=&#8221;center&#8221; link=&#8221;url:https%3A%2F%2Fwww.facebook.com%2Fgroups%2FOmniScriptumFamily%2F||target:%20_blank|&#8221;][vc_column_text css=&#8221;.vc_custom_1511192882840{margin-bottom: 0px !important;}&#8221;]\n<p style=\"text-align: center;\"><a href=\"https:\/\/www.facebook.com\/login\/?next=https%3A%2F%2Fwww.facebook.com%2Fgroups%2FOmniScriptumFamily%2F\" target=\"_blank\" rel=\"noopener\"><span style=\"color: #000000;\">Consultez notre page OmniFamily !<\/span><\/a><\/p>\n[\/vc_column_text][\/vc_column][\/vc_row][vc_row][vc_column][\/vc_column][\/vc_row]\n","protected":false},"excerpt":{"rendered":"<p>[vc_row css=&#8221;.vc_custom_1511192652239{padding-top: 30px !important;}&#8221;][vc_column][vc_custom_heading text=&#8221;Nous sommes l\u00e0 pour vous aider !&#8221; font_container=&#8221;tag:h2|font_size:20|text_align:center|color:%23000000&#8243; google_fonts=&#8221;font_family:Montserrat%3Aregular%2C700|font_style:400%20regular%3A400%3Anormal&#8221;][\/vc_column][\/vc_row][vc_row css=&#8221;.vc_custom_1511192659338{padding-top: 10px !important;}&#8221;][vc_column][vc_custom_heading text=&#8221;Nous appr\u00e9cions la cr\u00e9ativit\u00e9, l&#8217;ouverture d&#8217;esprit, n&#8217;h\u00e9sitez pas \u00e0 nous contacter ! &#8221; font_container=&#8221;tag:h2|font_size:20|text_align:center|color:%23000000&#8243; google_fonts=&#8221;font_family:Montserrat%3Aregular%2C700|font_style:400%20regular%3A400%3Anormal&#8221; css=&#8221;.vc_custom_1511192979470{padding-top: 10px !important;}&#8221;][\/vc_column][\/vc_row][vc_row css=&#8221;.vc_custom_1511192666152{padding-top: 50px !important;padding-bottom: 80px !important;}&#8221;][vc_column width=&#8221;1\/3&#8243;][vc_icon icon_fontawesome=&#8221;fa fa-map-marker&#8221; color=&#8221;black&#8221; background_style=&#8221;rounded&#8221; background_color=&#8221;white&#8221; size=&#8221;lg&#8221; align=&#8221;center&#8221;][vc_column_text css=&#8221;.vc_custom_1517403099503{margin-bottom: 0px !important;}&#8221;] SIA\u00a0OmniScriptum\u00a0Publishing Brivibas gatve 197, LV-1039, [&hellip;]<\/p>\n","protected":false},"author":33,"featured_media":0,"parent":0,"menu_order":0,"comment_status":"closed","ping_status":"closed","template":"","meta":{"_mc_calendar":[]},"categories":[],"tags":[],"_links":{"self":[{"href":"https:\/\/wiki.omniscriptum.com\/fr\/wp-json\/wp\/v2\/pages\/13537\/"}],"collection":[{"href":"https:\/\/wiki.omniscriptum.com\/fr\/wp-json\/wp\/v2\/pages\/"}],"about":[{"href":"https:\/\/wiki.omniscriptum.com\/fr\/wp-json\/wp\/v2\/types\/page\/"}],"author":[{"embeddable":true,"href":"https:\/\/wiki.omniscriptum.com\/fr\/wp-json\/wp\/v2\/users\/33\/"}],"replies":[{"embeddable":true,"href":"https:\/\/wiki.omniscriptum.com\/fr\/wp-json\/wp\/v2\/comments\/?post=13537"}],"version-history":[{"count":0,"href":"https:\/\/wiki.omniscriptum.com\/fr\/wp-json\/wp\/v2\/pages\/13537\/revisions\/"}],"wp:attachment":[{"href":"https:\/\/wiki.omniscriptum.com\/fr\/wp-json\/wp\/v2\/media\/?parent=13537"}],"wp:term":[{"taxonomy":"category","embeddable":true,"href":"https:\/\/wiki.omniscriptum.com\/fr\/wp-json\/wp\/v2\/categories\/?post=13537"},{"taxonomy":"post_tag","embeddable":true,"href":"https:\/\/wiki.omniscriptum.com\/fr\/wp-json\/wp\/v2\/tags\/?post=13537"}],"curies":[{"name":"wp","href":"https:\/\/api.w.org\/{rel}","templated":true}]}}