{"id":13464,"date":"2018-05-25T14:03:38","date_gmt":"2018-05-25T14:03:38","guid":{"rendered":"https:\/\/wiki.omniscriptum.com\/auteurs\/"},"modified":"2018-05-25T14:04:36","modified_gmt":"2018-05-25T14:04:36","slug":"auteurs","status":"publish","type":"page","link":"https:\/\/wiki.omniscriptum.com\/fr\/auteurs\/","title":{"rendered":"Auteurs"},"content":{"rendered":"<?xml encoding=\"utf8\" ?>[vc_row fullwidth=&#8221;true&#8221; fullwidth_content=&#8221;false&#8221;][vc_column][layerslider_vc id=&#8221;6&#8243;][\/vc_column][\/vc_row][vc_row full_width=&#8221;stretch_row_content_no_spaces&#8221; equal_height=&#8221;yes&#8221; css=&#8221;.vc_custom_1522248624697{margin-top: 0px !important;margin-bottom: 0px !important;padding-top: 15px !important;padding-bottom: 30px !important;}&#8221;][vc_column width=&#8221;2\/3&#8243; css=&#8221;.vc_custom_1520595944982{padding-right: 30px !important;padding-left: 30px !important;}&#8221;][vc_column_text css=&#8221;.vc_custom_1527187625769{margin-bottom: 0px !important;}&#8221;]<span style=\"color: #000000;\"><span style=\"color: #fa5b15;\">OmniScriptum<\/span> offre la possibilit\u00e9 aux auteurs des quatre coins du monde de publier leurs travaux de recherche, dissertations, th\u00e8ses, m\u00e9moires et autres articles sous forme de livres broch\u00e9s. Nous publions des ouvrages dans plus de 15 langues, nous offrons une mise en page, des r\u00e9seaux de commercialisation et de distribution vari\u00e9s.<\/span><\/p>\n<p><span style=\"color: #000000;\">Il n&#8217;y a pas de fronti\u00e8res pour nous, tous les auteurs qui ont fait des recherches sur un sujet particulier, qui ont d\u00e9velopp\u00e9 de nouvelles id\u00e9es ou technologies ou m\u00e9thodes, ont la possibilit\u00e9 de diffuser leurs connaissances aux lecteurs du monde entier.<\/span><\/p>\n<p><span style=\"color: #000000;\">ous rencontrerez \u00e9galement des auteurs avec 20 livres publi\u00e9s, qui nous font confiance et collaborent toujours avec OmniScriptum. Nos auteurs b\u00e9n\u00e9ficient \u00e9galement de<span style=\"color: #fa5b15;\"> 12 % de redevances<\/span> et de rabais importants. Nos auteurs font partie de la famille OmniScriptum.<\/span><\/p>\n<p><span style=\"color: #000000;\">Retrouvez des milliers d&#8217;auteurs sur notre librairie officielle <a href=\"https:\/\/www.morebooks.de\" target=\"_blank\" rel=\"noopener\"><span style=\"color: #fa5b15;\">www.morebooks.de<\/span><\/a><\/span>[\/vc_column_text][\/vc_column][vc_column width=&#8221;1\/3&#8243; css=&#8221;.vc_custom_1520596065430{padding-right: 20px !important;}&#8221;][vc_video link=&#8221;https:\/\/www.youtube.com\/watch?v=rLCsX35FUfQ&amp;t=3s&#8221; autoplay=&#8221;true&#8221;][\/vc_column][\/vc_row]\n","protected":false},"excerpt":{"rendered":"<p>[vc_row fullwidth=&#8221;true&#8221; fullwidth_content=&#8221;false&#8221;][vc_column][layerslider_vc id=&#8221;6&#8243;][\/vc_column][\/vc_row][vc_row full_width=&#8221;stretch_row_content_no_spaces&#8221; equal_height=&#8221;yes&#8221; css=&#8221;.vc_custom_1522248624697{margin-top: 0px !important;margin-bottom: 0px !important;padding-top: 15px !important;padding-bottom: 30px !important;}&#8221;][vc_column width=&#8221;2\/3&#8243; css=&#8221;.vc_custom_1520595944982{padding-right: 30px !important;padding-left: 30px !important;}&#8221;][vc_column_text css=&#8221;.vc_custom_1527187625769{margin-bottom: 0px !important;}&#8221;]OmniScriptum offre la possibilit\u00e9 aux auteurs des quatre coins du monde de publier leurs travaux de recherche, dissertations, th\u00e8ses, m\u00e9moires et autres articles sous forme de livres broch\u00e9s. Nous publions des ouvrages [&hellip;]<\/p>\n","protected":false},"author":33,"featured_media":0,"parent":0,"menu_order":0,"comment_status":"closed","ping_status":"closed","template":"","meta":{"_mc_calendar":[]},"categories":[],"tags":[],"_links":{"self":[{"href":"https:\/\/wiki.omniscriptum.com\/fr\/wp-json\/wp\/v2\/pages\/13464\/"}],"collection":[{"href":"https:\/\/wiki.omniscriptum.com\/fr\/wp-json\/wp\/v2\/pages\/"}],"about":[{"href":"https:\/\/wiki.omniscriptum.com\/fr\/wp-json\/wp\/v2\/types\/page\/"}],"author":[{"embeddable":true,"href":"https:\/\/wiki.omniscriptum.com\/fr\/wp-json\/wp\/v2\/users\/33\/"}],"replies":[{"embeddable":true,"href":"https:\/\/wiki.omniscriptum.com\/fr\/wp-json\/wp\/v2\/comments\/?post=13464"}],"version-history":[{"count":0,"href":"https:\/\/wiki.omniscriptum.com\/fr\/wp-json\/wp\/v2\/pages\/13464\/revisions\/"}],"wp:attachment":[{"href":"https:\/\/wiki.omniscriptum.com\/fr\/wp-json\/wp\/v2\/media\/?parent=13464"}],"wp:term":[{"taxonomy":"category","embeddable":true,"href":"https:\/\/wiki.omniscriptum.com\/fr\/wp-json\/wp\/v2\/categories\/?post=13464"},{"taxonomy":"post_tag","embeddable":true,"href":"https:\/\/wiki.omniscriptum.com\/fr\/wp-json\/wp\/v2\/tags\/?post=13464"}],"curies":[{"name":"wp","href":"https:\/\/api.w.org\/{rel}","templated":true}]}}