{"id":13155,"date":"2018-05-11T10:58:54","date_gmt":"2018-05-11T10:58:54","guid":{"rendered":"https:\/\/wiki.omniscriptum.com\/apropos-de-omniscriptum\/"},"modified":"2018-05-11T11:02:53","modified_gmt":"2018-05-11T11:02:53","slug":"apropos-de-omniscriptum","status":"publish","type":"page","link":"https:\/\/wiki.omniscriptum.com\/fr\/apropos-de-omniscriptum\/","title":{"rendered":"Apropos de OmniScriptum"},"content":{"rendered":"<?xml encoding=\"utf8\" ?>[vc_row content_placement=&#8221;top&#8221;][vc_column][layerslider_vc id=&#8221;26&#8243;][\/vc_column][\/vc_row][vc_row el_class=&#8221;vc_row_text&#8221;][vc_column width=&#8221;2\/3&#8243;][vc_column_text css=&#8221;.vc_custom_1522021354118{margin-bottom: 0px !important;padding-right: 30px !important;padding-left: 30px !important;}&#8221;]<span style=\"color: #000000;\">Lorsque la maison d&#8217;\u00e9dition VDM a \u00e9t\u00e9 cr\u00e9e par le Dr Wolfgang Philipp M\u00fcller en 2002, puis rebaptis\u00e9e &#8220;OmniScriptum&#8221; en 2013, il a r\u00e9alis\u00e9 sa vision d&#8217;un concept d&#8217;\u00e9dition original et non conventionnel. Contrairement au fonctionnement restrictif, long et co\u00fbteux des maisons d&#8217;\u00e9dition traditionnelles, son objectif \u00e9tait de mettre sur le march\u00e9 des livres efficaces, rapides, simples et particuli\u00e8rement gratuits pour les auteurs.<\/span><\/p>\n<p><span style=\"color: #000000;\">La proc\u00e9dure innovante de l\u00b4impression \u00e0 la demande (Print-on-Demand) a apport\u00e9 de nombreuses exigences techniques id\u00e9ales et a constitu\u00e9 la base parfaite pour le mod\u00e8le d&#8217;affaires d&#8217;OMS. Ce nouveau mod\u00e8le d&#8217;affaires \u00e9tait \u00e0 l&#8217;\u00e9poque r\u00e9volutionnaire dans le paysage \u00e9ditorial majoritairement conservateur et \u00e9tait donc reconnu d&#8217;un point de vue critique.<\/span>[\/vc_column_text][vc_column_text css=&#8221;.vc_custom_1522021366161{margin-bottom: 0px !important;padding-top: 15px !important;padding-right: 30px !important;padding-bottom: 40px !important;padding-left: 30px !important;}&#8221;]<span style=\"color: #000000;\">Depuis 2005, notre programme d&#8217;\u00e9dition est continuellement d\u00e9velopp\u00e9 et internationalis\u00e9 &#8211; avec une focalisation non seulement sur les travaux acad\u00e9miques, mais aussi sur un plus large \u00e9ventail d&#8217;autres publications r\u00e9ussies et passionnantes qui sont plus de 40 au total (<a href=\"https:\/\/www.omniscriptum.com\/index.php?id=35&amp;L=1\" target=\"_blank\" rel=\"noopener\"><span style=\"color: #fa5b15;\">omniscriptum.com\/imprints<\/span><\/a>).\u00a0 Une \u00e9quipe de plus de 240 collaborateurs motiv\u00e9s permet \u00e0 des auteurs du monde entier de publier gratuitement leurs livres dans diff\u00e9rents genres et langues. <\/span><\/p>\n<p><span style=\"color: #000000;\">Aujourd&#8217;hui OmniScriptum l&#8217;est :<\/span><\/p>\n<p><span style=\"color: #000000;\"> &#8211; une entreprise dynamique et en pleine croissance<\/span><\/p>\n<p><span style=\"color: #000000;\"> &#8211; r\u00e9volutionnaire, rapide et\u00a0 multiforme.<\/span><\/p>\n<p><span style=\"color: #000000;\"> &#8211; une activit\u00e9 internationale<\/span><\/p>\n<p><span style=\"color: #000000;\"> &#8211; une \u00e9quipe cr\u00e9ative et motiv\u00e9.<\/span><\/p>\n<p><span style=\"color: #000000;\">&#8211; un excellent service complet et personnalis\u00e9<\/span><\/p>\n<p><span style=\"color: #000000;\">Visitez notre site web officielle <span style=\"color: #fa5b15;\"><a class=\"moz-txt-link-abbreviated\" style=\"color: #fa5b15;\" href=\"http:\/\/www.omniscriptum.com\">www.omniscriptum.com<\/a><\/span><\/span>[\/vc_column_text][\/vc_column][vc_column width=&#8221;1\/3&#8243;][vc_row_inner][vc_column_inner css=&#8221;.vc_custom_1519036275963{padding-top: 20px !important;}&#8221;][vc_video link=&#8221;https:\/\/www.youtube.com\/watch?v=lMXyQEoqF0g&#8221; max_width=&#8221;&#8221; autoplay=&#8221;true&#8221; css=&#8221;.vc_custom_1520545611619{padding-right: 20px !important;}&#8221;][\/vc_column_inner][\/vc_row_inner][\/vc_column][\/vc_row]\n","protected":false},"excerpt":{"rendered":"<p>[vc_row content_placement=&#8221;top&#8221;][vc_column][layerslider_vc id=&#8221;26&#8243;][\/vc_column][\/vc_row][vc_row el_class=&#8221;vc_row_text&#8221;][vc_column width=&#8221;2\/3&#8243;][vc_column_text css=&#8221;.vc_custom_1522021354118{margin-bottom: 0px !important;padding-right: 30px !important;padding-left: 30px !important;}&#8221;]Lorsque la maison d&#8217;\u00e9dition VDM a \u00e9t\u00e9 cr\u00e9e par le Dr Wolfgang Philipp M\u00fcller en 2002, puis rebaptis\u00e9e &#8220;OmniScriptum&#8221; en 2013, il a r\u00e9alis\u00e9 sa vision d&#8217;un concept d&#8217;\u00e9dition original et non conventionnel. Contrairement au fonctionnement restrictif, long et co\u00fbteux des maisons d&#8217;\u00e9dition traditionnelles, [&hellip;]<\/p>\n","protected":false},"author":33,"featured_media":0,"parent":0,"menu_order":0,"comment_status":"closed","ping_status":"closed","template":"","meta":{"_mc_calendar":[]},"categories":[],"tags":[],"_links":{"self":[{"href":"https:\/\/wiki.omniscriptum.com\/fr\/wp-json\/wp\/v2\/pages\/13155\/"}],"collection":[{"href":"https:\/\/wiki.omniscriptum.com\/fr\/wp-json\/wp\/v2\/pages\/"}],"about":[{"href":"https:\/\/wiki.omniscriptum.com\/fr\/wp-json\/wp\/v2\/types\/page\/"}],"author":[{"embeddable":true,"href":"https:\/\/wiki.omniscriptum.com\/fr\/wp-json\/wp\/v2\/users\/33\/"}],"replies":[{"embeddable":true,"href":"https:\/\/wiki.omniscriptum.com\/fr\/wp-json\/wp\/v2\/comments\/?post=13155"}],"version-history":[{"count":0,"href":"https:\/\/wiki.omniscriptum.com\/fr\/wp-json\/wp\/v2\/pages\/13155\/revisions\/"}],"wp:attachment":[{"href":"https:\/\/wiki.omniscriptum.com\/fr\/wp-json\/wp\/v2\/media\/?parent=13155"}],"wp:term":[{"taxonomy":"category","embeddable":true,"href":"https:\/\/wiki.omniscriptum.com\/fr\/wp-json\/wp\/v2\/categories\/?post=13155"},{"taxonomy":"post_tag","embeddable":true,"href":"https:\/\/wiki.omniscriptum.com\/fr\/wp-json\/wp\/v2\/tags\/?post=13155"}],"curies":[{"name":"wp","href":"https:\/\/api.w.org\/{rel}","templated":true}]}}