{"id":12955,"date":"2018-05-09T13:53:16","date_gmt":"2018-05-09T13:53:16","guid":{"rendered":"https:\/\/wiki.omniscriptum.com\/partie-1-software\/"},"modified":"2018-05-29T14:51:57","modified_gmt":"2018-05-29T14:51:57","slug":"partie-1-software","status":"publish","type":"page","link":"https:\/\/wiki.omniscriptum.com\/fr\/partie-1-software\/","title":{"rendered":"Section 1. Logiciel"},"content":{"rendered":"<?xml encoding=\"utf8\" ?>[vc_row][vc_column][vc_column_text css=&#8221;.vc_custom_1527605512915{margin-bottom: 0px !important;}&#8221;]<span style=\"color: #000000;\">La formation est divis\u00e9e en <span style=\"color: #fa5b15;\">5 sections<\/span>\u00a0, vous aurez \u00e9galement la possibilit\u00e9 de v\u00e9rifier vos connaissances \u00e0 l&#8217;aide de quizz.Les modules contiennent des le\u00e7ons qui sont li\u00e9es les unes aux autres, vous ne devez donc pas sauter de le\u00e7ons.La multitude de questions venant de vos auteurs peut avoir les r\u00e9ponses dans l&#8217;une des le\u00e7ons, il est donc tr\u00e8s important de <span style=\"color: #fa5b15;\">suivre la formation \u00e9tape par \u00e9tape<\/span>.Pendant le processus d&#8217;apprentissage et de travail, votre formateur est toujours l\u00e0, aidant \u00e0 clarifier les questions, \u00e0 r\u00e9soudre les probl\u00e8mes techniques, etc.\u00a0<\/span><span style=\"color: #fa5b15;\">T\u00e9l\u00e9charger le programme ici.<\/span><\/p>\n<p><span style=\"color: #000000;\"><span style=\"color: #fa5b15;\">S\u00e9lectionnez la langue dans laquelle vous souhaitez suivre le cours.<\/span> Vous pouvez \u00e9galement <span style=\"color: #fa5b15;\">ajouter des sous-titres<\/span> aux vid\u00e9os en cliquant sur les <span style=\"color: #fa5b15;\">param\u00e8tres<\/span>\u00a0(settings) et en choisissant la langue dont vous avez besoin.<\/span><\/p>\n<div class=\"message-actions\">\n<div class=\"message-actions__buttons\"><\/div>\n<div class=\"message-actions__menu\"><\/div>\n<\/div>\n[\/vc_column_text][vc_video link=&#8221;https:\/\/youtu.be\/MDW4NiwIHPI&#8221; autoplay=&#8221;true&#8221;][vc_empty_space height=&#8221;80px&#8221;][vc_column_text css=&#8221;.vc_custom_1525878850150{margin-bottom: 0px !important;}&#8221;]<table id=\"wpcw_fe_course\" class=\"wpcw_fe_table\" cellspacing=\"0\" cellborder=\"0\"><tr class=\"wpcw_fe_module\" id=\"wpcw_fe_module_group_1\">\n\t\t\t\t<td class=\"wpcw_fe_module_title_header\">Module 1<\/td>\n\t\t\t\t<td class=\"wpcw_fe_module_desc_header\">Caract\u00e9ristiques du logiciel<\/td>\n\t\t\t\t\n\t\t\t\t\n\t\t\t<\/tr><tr class=\"wpcw_fe_unit  wpcw_fe_module_group_1\">\n\t\t\t\t\t\t\t\t<td class=\"wpcw_fe_unit_title\">Lesson 1<\/td>\n\t\t\t\t\t\t\t\t<td class=\"wpcw_fe_unit\" >1.1 Caract\u00e9ristiques du logiciel<\/td>\n\t\t\t\t\t\t\t<\/tr><tr class=\"wpcw_fe_unit  wpcw_fe_module_group_1\">\n\t\t\t\t\t\t\t\t<td class=\"wpcw_fe_unit_title\">Lesson 2<\/td>\n\t\t\t\t\t\t\t\t<td class=\"wpcw_fe_unit\" >1.2 Navigateur<\/td>\n\t\t\t\t\t\t\t<\/tr><tr class=\"wpcw_fe_unit  wpcw_fe_module_group_1\">\n\t\t\t\t\t\t\t\t<td class=\"wpcw_fe_unit_title\">Lesson 3<\/td>\n\t\t\t\t\t\t\t\t<td class=\"wpcw_fe_unit\" >1.3 Chat en direct<\/td>\n\t\t\t\t\t\t\t<\/tr><tr class=\"wpcw_fe_unit  wpcw_fe_module_group_1\">\n\t\t\t\t\t\t\t\t<td class=\"wpcw_fe_unit_title\">Lesson 4<\/td>\n\t\t\t\t\t\t\t\t<td class=\"wpcw_fe_unit\" >1.4 Courrier Thunderbird<\/td>\n\t\t\t\t\t\t\t<\/tr><tr class=\"wpcw_fe_unit  wpcw_fe_module_group_1\">\n\t\t\t\t\t\t\t\t<td class=\"wpcw_fe_unit_title\">Lesson 5<\/td>\n\t\t\t\t\t\t\t\t<td class=\"wpcw_fe_unit\" >1.4.1 Plugins<\/td>\n\t\t\t\t\t\t\t<\/tr><tr class=\"wpcw_fe_unit  wpcw_fe_module_group_1\">\n\t\t\t\t\t\t\t\t<td class=\"wpcw_fe_unit_title\">Lesson 6<\/td>\n\t\t\t\t\t\t\t\t<td class=\"wpcw_fe_unit\" >3.3 VDM-Contact<\/td>\n\t\t\t\t\t\t\t<\/tr><tr class=\"wpcw_fe_unit  wpcw_fe_module_group_1\">\n\t\t\t\t\t\t\t\t<td class=\"wpcw_fe_unit_title\">Lesson 7<\/td>\n\t\t\t\t\t\t\t\t<td class=\"wpcw_fe_unit\" >1.6 Page d\u2019\u00e9dition<\/td>\n\t\t\t\t\t\t\t<\/tr><tr class=\"wpcw_fe_unit  wpcw_fe_module_group_1\">\n\t\t\t\t\t\t\t\t<td class=\"wpcw_fe_unit_title\">Lesson 8<\/td>\n\t\t\t\t\t\t\t\t<td class=\"wpcw_fe_unit\" >1.7 Nos partenaires dans l\u00b4impression des livres<\/td>\n\t\t\t\t\t\t\t<\/tr><tr class=\"wpcw_fe_module\" id=\"wpcw_fe_module_group_2\">\n\t\t\t\t<td class=\"wpcw_fe_module_title_header\">Module 2<\/td>\n\t\t\t\t<td class=\"wpcw_fe_module_desc_header\">Impression \u00e1 la demande (POD)<\/td>\n\t\t\t\t\n\t\t\t\t\n\t\t\t<\/tr><tr class=\"wpcw_fe_unit  wpcw_fe_module_group_2\">\n\t\t\t\t\t\t\t\t<td class=\"wpcw_fe_unit_title\">Lesson 1<\/td>\n\t\t\t\t\t\t\t\t<td class=\"wpcw_fe_unit\" >2.1 Introduction au POD<\/td>\n\t\t\t\t\t\t\t<\/tr><tr class=\"wpcw_fe_module\" id=\"wpcw_fe_module_group_3\">\n\t\t\t\t<td class=\"wpcw_fe_module_title_header\">Module 3<\/td>\n\t\t\t\t<td class=\"wpcw_fe_module_desc_header\">Redevances<\/td>\n\t\t\t\t\n\t\t\t\t\n\t\t\t<\/tr><tr class=\"wpcw_fe_unit  wpcw_fe_module_group_3\">\n\t\t\t\t\t\t\t\t<td class=\"wpcw_fe_unit_title\">Lesson 1<\/td>\n\t\t\t\t\t\t\t\t<td class=\"wpcw_fe_unit\" >3.1 Redevances - 12%<\/td>\n\t\t\t\t\t\t\t<\/tr><tr class=\"wpcw_fe_unit  wpcw_fe_module_group_3\">\n\t\t\t\t\t\t\t\t<td class=\"wpcw_fe_unit_title\">Lesson 2<\/td>\n\t\t\t\t\t\t\t\t<td class=\"wpcw_fe_unit\" >Quiz 1. Logiciel<\/td>\n\t\t\t\t\t\t\t<\/tr><\/table><div class=\"wpcw_powered_by\">Powered By <a href=\"https:\/\/flyplugins.com\/?ref=1\"  target=\"_blank\">WP Courseware<\/a><\/div>[\/vc_column_text][vc_column_text css=&#8221;.vc_custom_1525878856259{margin-bottom: 0px !important;}&#8221;]<a href=\"https:\/\/wiki.omniscriptum.com\/wp-login.php?action=register&amp;course_id%5B0%5D=9&amp;_wp_enroll=d693702361\" class=\"fe_btn fe_btn_completion btn_completion\" id=\"enroll_registration\">Enroll Now<\/a>[\/vc_column_text][\/vc_column][\/vc_row]\n","protected":false},"excerpt":{"rendered":"<p>[vc_row][vc_column][vc_column_text css=&#8221;.vc_custom_1527605512915{margin-bottom: 0px !important;}&#8221;]La formation est divis\u00e9e en 5 sections\u00a0, vous aurez \u00e9galement la possibilit\u00e9 de v\u00e9rifier vos connaissances \u00e0 l&#8217;aide de quizz.Les modules contiennent des le\u00e7ons qui sont li\u00e9es les unes aux autres, vous ne devez donc pas sauter de le\u00e7ons.La multitude de questions venant de vos auteurs peut avoir les r\u00e9ponses dans l&#8217;une [&hellip;]<\/p>\n","protected":false},"author":33,"featured_media":0,"parent":0,"menu_order":0,"comment_status":"closed","ping_status":"closed","template":"","meta":{"_mc_calendar":[]},"categories":[],"tags":[],"_links":{"self":[{"href":"https:\/\/wiki.omniscriptum.com\/fr\/wp-json\/wp\/v2\/pages\/12955\/"}],"collection":[{"href":"https:\/\/wiki.omniscriptum.com\/fr\/wp-json\/wp\/v2\/pages\/"}],"about":[{"href":"https:\/\/wiki.omniscriptum.com\/fr\/wp-json\/wp\/v2\/types\/page\/"}],"author":[{"embeddable":true,"href":"https:\/\/wiki.omniscriptum.com\/fr\/wp-json\/wp\/v2\/users\/33\/"}],"replies":[{"embeddable":true,"href":"https:\/\/wiki.omniscriptum.com\/fr\/wp-json\/wp\/v2\/comments\/?post=12955"}],"version-history":[{"count":0,"href":"https:\/\/wiki.omniscriptum.com\/fr\/wp-json\/wp\/v2\/pages\/12955\/revisions\/"}],"wp:attachment":[{"href":"https:\/\/wiki.omniscriptum.com\/fr\/wp-json\/wp\/v2\/media\/?parent=12955"}],"wp:term":[{"taxonomy":"category","embeddable":true,"href":"https:\/\/wiki.omniscriptum.com\/fr\/wp-json\/wp\/v2\/categories\/?post=12955"},{"taxonomy":"post_tag","embeddable":true,"href":"https:\/\/wiki.omniscriptum.com\/fr\/wp-json\/wp\/v2\/tags\/?post=12955"}],"curies":[{"name":"wp","href":"https:\/\/api.w.org\/{rel}","templated":true}]}}