{"id":12894,"date":"2018-05-09T12:44:42","date_gmt":"2018-05-09T12:44:42","guid":{"rendered":"https:\/\/wiki.omniscriptum.com\/education-en-ligne\/"},"modified":"2018-06-19T09:14:18","modified_gmt":"2018-06-19T09:14:18","slug":"education-en-ligne","status":"publish","type":"page","link":"https:\/\/wiki.omniscriptum.com\/fr\/education-en-ligne\/","title":{"rendered":"\u00c9ducation en ligne"},"content":{"rendered":"<?xml encoding=\"utf8\" ?>[vc_row css=&#8221;.vc_custom_1522446033205{padding-bottom: 20px !important;}&#8221;][vc_column][mk_layerslider id=&#8221;18&#8243;][\/vc_column][vc_column width=&#8221;1\/3&#8243; css=&#8221;.vc_custom_1522446105870{padding-top: 40px !important;}&#8221;][vc_icon type=&#8221;linecons&#8221; icon_linecons=&#8221;vc_li vc_li-display&#8221; color=&#8221;white&#8221; background_style=&#8221;rounded&#8221; background_color=&#8221;custom&#8221; align=&#8221;center&#8221; custom_background_color=&#8221;#efb700&#8243;][vc_custom_heading text=&#8221;Cours en ligne&#8221; font_container=&#8221;tag:p|font_size:20|text_align:center|color:%23fa5b15&#8243; use_theme_fonts=&#8221;yes&#8221; css=&#8221;.vc_custom_1526037738955{padding-right: 35px !important;padding-left: 35px !important;}&#8221;][vc_column_text css=&#8221;.vc_custom_1525859881850{padding-top: 10px !important;padding-right: 35px !important;padding-left: 35px !important;}&#8221;]\n<p style=\"text-align: center;\"><span style=\"color: #000000;\">Commencez la formation \u00e0 l\u2019aide d\u2019une plateforme en ligne facile \u00e0 utiliser qui comprend \u00e9galement des jeux-questionnaires et des simulations.<\/span><\/p>\n[\/vc_column_text][vc_btn title=&#8221;Apprendre davantage&#8221; style=&#8221;outline&#8221; shape=&#8221;round&#8221; color=&#8221;inverse&#8221; align=&#8221;center&#8221; button_block=&#8221;true&#8221; css=&#8221;.vc_custom_1526063520799{padding-top: 10px !important;}&#8221; link=&#8221;url:https%3A%2F%2Fwiki.omniscriptum.com%2Ffr%2Fpartie-1-software%2F|&#8221;][\/vc_column][vc_column width=&#8221;1\/3&#8243; css=&#8221;.vc_custom_1522446111318{padding-top: 40px !important;}&#8221;][vc_icon type=&#8221;linecons&#8221; icon_linecons=&#8221;vc_li vc_li-study&#8221; color=&#8221;white&#8221; background_style=&#8221;rounded&#8221; background_color=&#8221;custom&#8221; align=&#8221;center&#8221; custom_background_color=&#8221;#efb700&#8243;][vc_custom_heading text=&#8221;Certificat de r\u00e9compense&#8221; font_container=&#8221;tag:p|font_size:20|text_align:center|color:%23fa5b15&#8243; use_theme_fonts=&#8221;yes&#8221; css=&#8221;.vc_custom_1526037758222{padding-right: 35px !important;padding-left: 35px !important;}&#8221;][vc_column_text css=&#8221;.vc_custom_1525859944082{padding-top: 10px !important;padding-right: 35px !important;padding-left: 35px !important;}&#8221;]\n<p style=\"text-align: center;\"><span style=\"color: #000000;\">Pour des performances remarquables, nous vous offrons un certificat que vous pouvez utiliser pour postuler \u00e0 de nouveaux postes vacants.<\/span><\/p>\n[\/vc_column_text][vc_btn title=&#8221;&#8221; style=&#8221;outline&#8221; shape=&#8221;round&#8221; color=&#8221;inverse&#8221; align=&#8221;center&#8221; button_block=&#8221;true&#8221; css=&#8221;.vc_custom_1526037728398{padding-top: 10px !important;}&#8221; link=&#8221;url:https%3A%2F%2Fwiki.omniscriptum.com%2Ffr%2Fstart-courses%2F|&#8221;][\/vc_column][vc_column width=&#8221;1\/3&#8243; css=&#8221;.vc_custom_1522446116669{padding-top: 40px !important;}&#8221;][vc_icon type=&#8221;linecons&#8221; icon_linecons=&#8221;vc_li vc_li-world&#8221; color=&#8221;white&#8221; background_style=&#8221;rounded&#8221; background_color=&#8221;custom&#8221; align=&#8221;center&#8221; custom_background_color=&#8221;#efb700&#8243;][vc_custom_heading text=&#8221;Perspectives de d\u00e9veloppement de carri\u00e8re&#8221; font_container=&#8221;tag:p|font_size:20|text_align:center|color:%23fa5b15&#8243; use_theme_fonts=&#8221;yes&#8221; css=&#8221;.vc_custom_1526037752354{padding-right: 35px !important;padding-left: 35px !important;}&#8221;][vc_column_text css=&#8221;.vc_custom_1525859983174{padding-top: 10px !important;padding-right: 35px !important;padding-left: 35px !important;}&#8221;]\n<p style=\"text-align: center;\"><span style=\"color: #000000;\">Chez Omniscriptum, vous avez\u00a0toujours la possibilit\u00e9 de faire\u00a0carri\u00e8re dans l\u2019industrie de l\u2019\u00e9dition.<\/span><\/p>\n[\/vc_column_text][vc_btn title=&#8221;Apprendre davantage&#8221; style=&#8221;outline&#8221; shape=&#8221;round&#8221; color=&#8221;inverse&#8221; align=&#8221;center&#8221; button_block=&#8221;true&#8221; css=&#8221;.vc_custom_1527078195723{padding-top: 10px !important;}&#8221; link=&#8221;url:https%3A%2F%2Fview.joomag.com%2Ffreelancers-network-marketing%2F0387322001522078719%3Fshort|target:%20_blank|&#8221;][\/vc_column][\/vc_row][vc_row gap=&#8221;20&#8243; equal_height=&#8221;yes&#8221; content_placement=&#8221;middle&#8221; css=&#8221;.vc_custom_1522446253022{padding-top: 20px !important;padding-bottom: 30px !important;}&#8221;][vc_column width=&#8221;1\/3&#8243; css=&#8221;.vc_custom_1522192486495{border-top-width: 2px !important;border-right-width: 2px !important;border-bottom-width: 2px !important;border-left-width: 2px !important;background-color: #4c70a3 !important;border-left-color: #aaaaaa !important;border-left-style: solid !important;border-right-color: #aaaaaa !important;border-right-style: solid !important;border-top-color: #aaaaaa !important;border-top-style: solid !important;border-bottom-color: #aaaaaa !important;border-bottom-style: solid !important;}&#8221;][vc_custom_heading text=&#8221;Quizz&#8221; font_container=&#8221;tag:h2|font_size:20|text_align:center|color:%23ffffff&#8221; google_fonts=&#8221;font_family:Montserrat%3Aregular%2C700|font_style:400%20regular%3A400%3Anormal&#8221; css=&#8221;.vc_custom_1525860014513{padding-top: 30px !important;padding-right: 25px !important;padding-left: 25px !important;}&#8221;][vc_separator color=&#8221;custom&#8221; border_width=&#8221;2&#8243; el_width=&#8221;20&#8243; accent_color=&#8221;#ffffff&#8221; css=&#8221;.vc_custom_1522244628701{margin-bottom: 15px !important;}&#8221;][vc_column_text disable_pattern=&#8221;&#8221; margin_bottom=&#8221;&#8221; css=&#8221;.vc_custom_1525860192409{padding-right: 25px !important;padding-left: 25px !important;}&#8221;]\n<p style=\"text-align: center;\"><span style=\"color: #ffffff;\">Les cours en ligne int\u00e8grent des quizzes\u00a0 avec\u00a0 des questions \u00e0 la fin de chaque le\u00e7on. de cette fa\u00e7on, vous pouvez facilement \u00e9valuer vos connaissances.<\/span><\/p>\n[\/vc_column_text][\/vc_column][vc_column border_color=&#8221;#aaaaaa&#8221; width=&#8221;1\/3&#8243; css=&#8221;.vc_custom_1522020199682{background-color: #4c70a3 !important;}&#8221;][vc_custom_heading text=&#8221;Soutien par un formateur&#8221; font_container=&#8221;tag:h2|font_size:20|text_align:center|color:%23ffffff&#8221; google_fonts=&#8221;font_family:Montserrat%3Aregular%2C700|font_style:400%20regular%3A400%3Anormal&#8221; css=&#8221;.vc_custom_1525860028024{padding-top: 30px !important;padding-right: 25px !important;padding-left: 25px !important;}&#8221;][vc_separator color=&#8221;custom&#8221; border_width=&#8221;2&#8243; el_width=&#8221;20&#8243; accent_color=&#8221;#ffffff&#8221; css=&#8221;.vc_custom_1522244633254{margin-bottom: 15px !important;}&#8221;][vc_column_text css=&#8221;.vc_custom_1525860910682{padding-right: 25px !important;padding-left: 25px !important;}&#8221;]\n<p style=\"text-align: center;\"><span style=\"color: #ffffff;\">Dans l\u2019apprentissage et le travail, vous compterez sur le soutien de votre formateur, qui vous guidera et vous aidera \u00e0 atteindre vox r\u00e9sultats.<\/span><\/p>\n[\/vc_column_text][\/vc_column][vc_column border_color=&#8221;#aaaaaa&#8221; width=&#8221;1\/3&#8243; css=&#8221;.vc_custom_1522020212104{background-color: #4c70a3 !important;}&#8221;][vc_custom_heading text=&#8221;Parcours d&#8217;apprentissage&#8221; font_container=&#8221;tag:h2|font_size:20|text_align:center|color:%23ffffff&#8221; google_fonts=&#8221;font_family:Montserrat%3Aregular%2C700|font_style:400%20regular%3A400%3Anormal&#8221; css=&#8221;.vc_custom_1525860037838{padding-top: 30px !important;padding-right: 25px !important;padding-left: 25px !important;}&#8221;][vc_separator color=&#8221;custom&#8221; border_width=&#8221;2&#8243; el_width=&#8221;20&#8243; accent_color=&#8221;#ffffff&#8221; css=&#8221;.vc_custom_1522244653807{margin-bottom: 15px !important;}&#8221;][vc_column_text css=&#8221;.vc_custom_1525860975130{padding-right: 25px !important;padding-bottom: 25px !important;padding-left: 25px !important;}&#8221;]\n<p style=\"text-align: center;\"><span style=\"color: #ffffff;\">Les modules contiennent des le\u00e7ons qui vous aideront \u00e0 ma\u00eetriser un sujet \u00e9tapes par \u00e9tapes.<\/span><\/p>\n[\/vc_column_text][\/vc_column][\/vc_row]\n","protected":false},"excerpt":{"rendered":"<p>[vc_row css=&#8221;.vc_custom_1522446033205{padding-bottom: 20px !important;}&#8221;][vc_column][mk_layerslider id=&#8221;18&#8243;][\/vc_column][vc_column width=&#8221;1\/3&#8243; css=&#8221;.vc_custom_1522446105870{padding-top: 40px !important;}&#8221;][vc_icon type=&#8221;linecons&#8221; icon_linecons=&#8221;vc_li vc_li-display&#8221; color=&#8221;white&#8221; background_style=&#8221;rounded&#8221; background_color=&#8221;custom&#8221; align=&#8221;center&#8221; custom_background_color=&#8221;#efb700&#8243;][vc_custom_heading text=&#8221;Cours en ligne&#8221; font_container=&#8221;tag:p|font_size:20|text_align:center|color:%23fa5b15&#8243; use_theme_fonts=&#8221;yes&#8221; css=&#8221;.vc_custom_1526037738955{padding-right: 35px !important;padding-left: 35px !important;}&#8221;][vc_column_text css=&#8221;.vc_custom_1525859881850{padding-top: 10px !important;padding-right: 35px !important;padding-left: 35px !important;}&#8221;] Commencez la formation \u00e0 l\u2019aide d\u2019une plateforme en ligne facile \u00e0 utiliser qui comprend \u00e9galement des jeux-questionnaires et des simulations. [\/vc_column_text][vc_btn [&hellip;]<\/p>\n","protected":false},"author":33,"featured_media":0,"parent":0,"menu_order":0,"comment_status":"closed","ping_status":"closed","template":"","meta":{"_mc_calendar":[]},"categories":[],"tags":[],"_links":{"self":[{"href":"https:\/\/wiki.omniscriptum.com\/fr\/wp-json\/wp\/v2\/pages\/12894\/"}],"collection":[{"href":"https:\/\/wiki.omniscriptum.com\/fr\/wp-json\/wp\/v2\/pages\/"}],"about":[{"href":"https:\/\/wiki.omniscriptum.com\/fr\/wp-json\/wp\/v2\/types\/page\/"}],"author":[{"embeddable":true,"href":"https:\/\/wiki.omniscriptum.com\/fr\/wp-json\/wp\/v2\/users\/33\/"}],"replies":[{"embeddable":true,"href":"https:\/\/wiki.omniscriptum.com\/fr\/wp-json\/wp\/v2\/comments\/?post=12894"}],"version-history":[{"count":0,"href":"https:\/\/wiki.omniscriptum.com\/fr\/wp-json\/wp\/v2\/pages\/12894\/revisions\/"}],"wp:attachment":[{"href":"https:\/\/wiki.omniscriptum.com\/fr\/wp-json\/wp\/v2\/media\/?parent=12894"}],"wp:term":[{"taxonomy":"category","embeddable":true,"href":"https:\/\/wiki.omniscriptum.com\/fr\/wp-json\/wp\/v2\/categories\/?post=12894"},{"taxonomy":"post_tag","embeddable":true,"href":"https:\/\/wiki.omniscriptum.com\/fr\/wp-json\/wp\/v2\/tags\/?post=12894"}],"curies":[{"name":"wp","href":"https:\/\/api.w.org\/{rel}","templated":true}]}}