{"id":12873,"date":"2018-05-09T12:07:27","date_gmt":"2018-05-09T12:07:27","guid":{"rendered":"https:\/\/wiki.omniscriptum.com\/omniscriptum-home\/"},"modified":"2019-02-19T10:40:04","modified_gmt":"2019-02-19T10:40:04","slug":"omniscriptum-home","status":"publish","type":"page","link":"https:\/\/wiki.omniscriptum.com\/fr\/","title":{"rendered":"OmniScriptum &#8211; Home"},"content":{"rendered":"<?xml encoding=\"utf8\" ?>[vc_row parallax=&#8221;content-moving&#8221; full_width=&#8221;stretch_row_content&#8221; content_placement=&#8221;middle&#8221; css=&#8221;.vc_custom_1522231244250{background-position: center;background-repeat: no-repeat;background-size:cover !important;}&#8221;][vc_column][layerslider_vc id=&#8221;29&#8243;][vc_row_inner][vc_column_inner width=&#8221;1\/3&#8243;][vc_custom_heading text=&#8221;Rapide et efficace&#8221; font_container=&#8221;tag:p|font_size:20|text_align:left|color:%23fa5b15&#8243; google_fonts=&#8221;font_family:Cambo%3Aregular|font_style:400%20regular%3A400%3Anormal&#8221; css=&#8221;.vc_custom_1525863794104{margin-top: 24px !important;margin-bottom: 24px !important;}&#8221;][vc_column_text css=&#8221;.vc_custom_1525869402519{margin-bottom: 0px !important;padding-top: 35px !important;}&#8221;]<span style=\"color: #000000;\">Nos auteurs confirment les termes et conditions en ligne, puis t\u00e9l\u00e9chargent leur manuscrit dans leur compte d&#8217;auteur personnel, choisissent leur couverture de livre et lib\u00e8rent les donn\u00e9es du livre pour l&#8217;impression.<\/span>[\/vc_column_text][\/vc_column_inner][vc_column_inner width=&#8221;1\/3&#8243;][vc_custom_heading text=&#8221;Comercialisation internationales et sp\u00e9cifiques&#8221; font_container=&#8221;tag:p|font_size:20|text_align:left|color:%23fa5b15&#8243; google_fonts=&#8221;font_family:Cambo%3Aregular|font_style:400%20regular%3A400%3Anormal&#8221; css=&#8221;.vc_custom_1525863804851{margin-top: 24px !important;margin-bottom: 24px !important;}&#8221;][vc_column_text css=&#8221;.vc_custom_1522232178549{margin-bottom: 0px !important;}&#8221;]<span style=\"color: #000000;\">Le client est mis au courant de votre proposition. Nous fournissons tous les catalogues de livres pertinents dans le monde entier. De plus, votre ouvrage est propos\u00e9 \u00e0 tous les principaux distributeurs internationaux de livres.<\/span>[\/vc_column_text][\/vc_column_inner][vc_column_inner width=&#8221;1\/3&#8243;][vc_custom_heading text=&#8221;Publicit\u00e9 et marketing&#8221; font_container=&#8221;tag:p|font_size:20|text_align:left|color:%23fa5b15&#8243; google_fonts=&#8221;font_family:Cambo%3Aregular|font_style:400%20regular%3A400%3Anormal&#8221; css=&#8221;.vc_custom_1525863813341{margin-top: 24px !important;margin-bottom: 24px !important;}&#8221;][vc_column_text css=&#8221;.vc_custom_1525869409209{margin-bottom: 0px !important;padding-top: 35px !important;}&#8221;]<span style=\"color: #000000;\">Nous sommes heureux de soutenir nos auteurs sur plusieurs campagnes de marketing, par exemple en publiant des annonces sur les r\u00e9seaux sociaux ou en fournissant des banni\u00e8res et des affiches que les auteurs peuvent utiliser pour promouvoir leurs livres d&#8217;une mani\u00e8re professionnelle.<\/span>[\/vc_column_text][\/vc_column_inner][\/vc_row_inner][\/vc_column][\/vc_row][vc_row gap=&#8221;10&#8243; qt_container=&#8221;true&#8221;][vc_column width=&#8221;1\/3&#8243;][vc_single_image image=&#8221;14137&#8243; img_size=&#8221;200&#215;200&#8243; alignment=&#8221;center&#8221; style=&#8221;vc_box_circle_2&#8243;][vc_custom_heading text=&#8221;Aicha Ouassekssou (\u00c9diteur)&#8221; font_container=&#8221;tag:p|font_size:20|text_align:center|color:%23fa5b15&#8243; use_theme_fonts=&#8221;yes&#8221;][vc_column_text css=&#8221;.vc_custom_1550572383737{margin-bottom: 0px !important;}&#8221;]<span style=\"color: #000000;\">\u201cOmniscriptum is changing the concept of freelance job. When I started working as a freelancer, I followed the training platform and I found out a new learning concept that makes my daily work easier.\u00a0Switching between the platforms, and with the help of my trainer, I learned how to search for more authors and how to convince them to publish in a professional way.\u00a0Thank you all for making our work easier!\u201c<\/span>[\/vc_column_text][\/vc_column][vc_column width=&#8221;1\/3&#8243;][vc_single_image image=&#8221;14161&#8243; img_size=&#8221;200&#215;200&#8243; alignment=&#8221;center&#8221; style=&#8221;vc_box_circle_2&#8243;][vc_custom_heading text=&#8221;Tatiana Botnari (\u00c9diteur)&#8221; font_container=&#8221;tag:p|font_size:20|text_align:center|color:%23fa5b15&#8243; use_theme_fonts=&#8221;yes&#8221;][vc_column_text css=&#8221;.vc_custom_1550572408685{margin-bottom: 0px !important;}&#8221;]<span style=\"color: #000000;\">&#8220;I like being a freelancer since I can work from home or any other places. \u00a0Also I have a job even if I&#8217;m in maternity leave and I like that I&#8217;m doing a useful work (for authors and for me) which allows me to progress professionally.\u00a0I like that working as freelancer\u00a0 I can spend time with my family and I&#8217;m always present when my baby needs me.&#8221;<\/span>[\/vc_column_text][\/vc_column][vc_column width=&#8221;1\/3&#8243;][vc_single_image image=&#8221;14143&#8243; img_size=&#8221;200&#215;200&#8243; alignment=&#8221;center&#8221; style=&#8221;vc_box_circle_2&#8243;][vc_custom_heading text=&#8221;Venice Ibrahim (\u00c9diteur)&#8221; font_container=&#8221;tag:p|font_size:20|text_align:center|color:%23fa5b15&#8243; use_theme_fonts=&#8221;yes&#8221;][vc_column_text css=&#8221;.vc_custom_1550572458449{margin-bottom: 0px !important;}&#8221;]<span style=\"color: #000000;\">&#8220;I am very grateful to have been given the opportunity to work as a freelance editor with the unique Omniscriptum Publishing company, revising manuscripts of various academic and scientific topics, which is very interesting giving my wide range of knowledge, as well as I have got to know a trainer who is so helpful, understanding, skillful, kind and talented person. I am so lucky and blessed to be working with him in the unique\u00a0 Omniscriptum as a freelance editor beside being a proud author of 3 humble books published with Lambert Academic Publishing.&#8221;<\/span>[\/vc_column_text][\/vc_column][\/vc_row][vc_row gap=&#8221;20&#8243; qt_container=&#8221;true&#8221;][vc_column width=&#8221;1\/3&#8243;][vc_single_image image=&#8221;14155&#8243; img_size=&#8221;200&#215;200&#8243; alignment=&#8221;center&#8221; style=&#8221;vc_box_circle_2&#8243; css=&#8221;.vc_custom_1550570783964{padding-top: 20px !important;}&#8221;][vc_custom_heading text=&#8221;Belisa Moreira (\u00c9diteur)&#8221; font_container=&#8221;tag:p|font_size:20|text_align:center|color:%23fa5b15&#8243; use_theme_fonts=&#8221;yes&#8221;][vc_column_text css=&#8221;.vc_custom_1550572477225{margin-bottom: 0px !important;}&#8221;]<span style=\"color: #000000;\">&#8220;OmniScriptum has given me all the practical tools to performe a good job. It&#8217;s realy challenging to make a living through the freelance work, although feels great to have independence in our work and schedule, always counting on our trainers for support.&#8221;<\/span>[\/vc_column_text][\/vc_column][vc_column width=&#8221;1\/3&#8243;][vc_single_image image=&#8221;14149&#8243; img_size=&#8221;200&#215;200&#8243; alignment=&#8221;center&#8221; style=&#8221;vc_box_circle_2&#8243; css=&#8221;.vc_custom_1550569939559{padding-top: 20px !important;}&#8221;][vc_custom_heading text=&#8221;Mihaela Priboi (\u00c9diteur)&#8221; font_container=&#8221;tag:p|font_size:20|text_align:center|color:%23fa5b15&#8243; use_theme_fonts=&#8221;yes&#8221;][vc_column_text css=&#8221;.vc_custom_1550572513735{margin-bottom: 0px !important;}&#8221;]<span style=\"color: #000000;\">&#8220;My experience as a freelancer editor can be resumed as it follows: 1. m<\/span><span style=\"color: #000000;\">y first 3-4 months were exalting, being able to learn new things; 2.\u00a0<\/span><span style=\"color: #000000;\">the next 3-4 months were challenging, being able to apply what I have learned and to be better every day; 3.\u00a0<\/span><span style=\"color: #000000;\">the last months were the best of my experience as a freelance editor, because I proved my self I could be on my own feet, I could take my own decisions and even help colleagues become better editors.\u00a0<\/span><span style=\"color: #000000;\">With the last changes that came in the company it is not easy to deal, but no good thing in life comes easy, so I will keep my hard work, improve my abilities and hope to be a piece of resistance, an important pawn to bring benefits to the company and to the society in general.\u00a0Thank you Omniscriptum for being!&#8221;<\/span>[\/vc_column_text][\/vc_column][vc_column width=&#8221;1\/3&#8243;][vc_single_image image=&#8221;14168&#8243; img_size=&#8221;200&#215;200&#8243; alignment=&#8221;center&#8221; style=&#8221;vc_box_circle_2&#8243; css=&#8221;.vc_custom_1550570598606{padding-top: 20px !important;}&#8221;][vc_custom_heading text=&#8221;Hiteesha Bachoo (\u00c9diteur)&#8221; font_container=&#8221;tag:p|font_size:20|text_align:center|color:%23fa5b15&#8243; use_theme_fonts=&#8221;yes&#8221;][vc_column_text css=&#8221;.vc_custom_1550572532435{margin-bottom: 0px !important;}&#8221;]<span style=\"color: #000000;\">&#8220;My experience as a freelancer is awesome. I can work at my own pace and time with minimum supervision, which is very encouraging. I get any help needed in case of any difficulties and issues. I always try my best for better sales.&#8221;<\/span>[\/vc_column_text][\/vc_column][\/vc_row]\n","protected":false},"excerpt":{"rendered":"<p>[vc_row parallax=&#8221;content-moving&#8221; full_width=&#8221;stretch_row_content&#8221; content_placement=&#8221;middle&#8221; css=&#8221;.vc_custom_1522231244250{background-position: center;background-repeat: no-repeat;background-size:cover !important;}&#8221;][vc_column][layerslider_vc id=&#8221;29&#8243;][vc_row_inner][vc_column_inner width=&#8221;1\/3&#8243;][vc_custom_heading text=&#8221;Rapide et efficace&#8221; font_container=&#8221;tag:p|font_size:20|text_align:left|color:%23fa5b15&#8243; google_fonts=&#8221;font_family:Cambo%3Aregular|font_style:400%20regular%3A400%3Anormal&#8221; css=&#8221;.vc_custom_1525863794104{margin-top: 24px !important;margin-bottom: 24px !important;}&#8221;][vc_column_text css=&#8221;.vc_custom_1525869402519{margin-bottom: 0px !important;padding-top: 35px !important;}&#8221;]Nos auteurs confirment les termes et conditions en ligne, puis t\u00e9l\u00e9chargent leur manuscrit dans leur compte d&#8217;auteur personnel, choisissent leur couverture de livre et lib\u00e8rent les donn\u00e9es du livre pour l&#8217;impression.[\/vc_column_text][\/vc_column_inner][vc_column_inner [&hellip;]<\/p>\n","protected":false},"author":33,"featured_media":0,"parent":0,"menu_order":0,"comment_status":"closed","ping_status":"closed","template":"","meta":{"_mc_calendar":[]},"categories":[],"tags":[],"_links":{"self":[{"href":"https:\/\/wiki.omniscriptum.com\/fr\/wp-json\/wp\/v2\/pages\/12873\/"}],"collection":[{"href":"https:\/\/wiki.omniscriptum.com\/fr\/wp-json\/wp\/v2\/pages\/"}],"about":[{"href":"https:\/\/wiki.omniscriptum.com\/fr\/wp-json\/wp\/v2\/types\/page\/"}],"author":[{"embeddable":true,"href":"https:\/\/wiki.omniscriptum.com\/fr\/wp-json\/wp\/v2\/users\/33\/"}],"replies":[{"embeddable":true,"href":"https:\/\/wiki.omniscriptum.com\/fr\/wp-json\/wp\/v2\/comments\/?post=12873"}],"version-history":[{"count":7,"href":"https:\/\/wiki.omniscriptum.com\/fr\/wp-json\/wp\/v2\/pages\/12873\/revisions\/"}],"predecessor-version":[{"id":14177,"href":"https:\/\/wiki.omniscriptum.com\/fr\/wp-json\/wp\/v2\/pages\/12873\/revisions\/14177\/"}],"wp:attachment":[{"href":"https:\/\/wiki.omniscriptum.com\/fr\/wp-json\/wp\/v2\/media\/?parent=12873"}],"wp:term":[{"taxonomy":"category","embeddable":true,"href":"https:\/\/wiki.omniscriptum.com\/fr\/wp-json\/wp\/v2\/categories\/?post=12873"},{"taxonomy":"post_tag","embeddable":true,"href":"https:\/\/wiki.omniscriptum.com\/fr\/wp-json\/wp\/v2\/tags\/?post=12873"}],"curies":[{"name":"wp","href":"https:\/\/api.w.org\/{rel}","templated":true}]}}