{"id":13541,"date":"2018-05-29T10:39:37","date_gmt":"2018-05-29T10:39:37","guid":{"rendered":"https:\/\/wiki.omniscriptum.com\/parte-i-software\/"},"modified":"2018-05-30T10:16:57","modified_gmt":"2018-05-30T10:16:57","slug":"parte-i-software","status":"publish","type":"page","link":"https:\/\/wiki.omniscriptum.com\/es\/parte-i-software\/","title":{"rendered":"Parte I. Software"},"content":{"rendered":"<?xml encoding=\"utf8\" ?>[vc_row][vc_column][vc_column_text css=&#8221;.vc_custom_1527675412374{margin-bottom: 0px !important;}&#8221;]<span style=\"color: #000000;\">La formaci\u00f3n se divide en <span style=\"color: #fa5b15;\">5 partes<\/span> y tambi\u00e9n tienes la posibilidad de verificar tus conocimientos utilizando cuestionarios. Los m\u00f3dulos contienen lecciones que est\u00e1n relacionadas entre ellas, por lo que no debes omitir ninguna lecci\u00f3n. La multitud de preguntas que llegan de tus autores pueden tener las respuestas en una de las lecciones, por lo que es muy importante <span style=\"color: #fa5b15;\">seguir la formaci\u00f3n paso a paso<\/span>. Durante el proceso de aprendizaje y trabajo, tu entrenador\/a estar\u00e1 siempre a tu lado, ayud\u00e1ndote a aclarar dudas, resolver problemas t\u00e9cnicos, etc. <a href=\"https:\/\/drive.google.com\/file\/d\/120OnEqrZD8JPp37sm6TIrxkQBHLmQg3X\/view\" target=\"_blank\" rel=\"noopener\"><span style=\"color: #fa5b15;\">Descarga el programa aqu\u00ed.<\/span><\/a><\/span><\/p>\n<p><span style=\"color: #000000;\"><span style=\"color: #fa5b15;\">Seleccione ahora el idioma del curso.<\/span> Tambi\u00e9n puedes <span style=\"color: #fa5b15;\">a\u00f1adir subt\u00edtulos<\/span> a los v\u00eddeos haciendo clic en la <span style=\"color: #fa5b15;\">configuraci\u00f3n<\/span>\u00a0(settings) y eligiendo el idioma que necesites.<\/span>[\/vc_column_text][vc_video link=&#8221;https:\/\/youtu.be\/MZbUR3KE-Yo&#8221; autoplay=&#8221;true&#8221;][vc_empty_space height=&#8221;80px&#8221;][vc_column_text css=&#8221;.vc_custom_1525689121466{margin-bottom: 0px !important;}&#8221;]<table id=\"wpcw_fe_course\" class=\"wpcw_fe_table\" cellspacing=\"0\" cellborder=\"0\"><tr class=\"wpcw_fe_module\" id=\"wpcw_fe_module_group_1\">\n\t\t\t\t<td class=\"wpcw_fe_module_title_header\">Module 1<\/td>\n\t\t\t\t<td class=\"wpcw_fe_module_desc_header\">Software<\/td>\n\t\t\t\t\n\t\t\t\t\n\t\t\t<\/tr><tr class=\"wpcw_fe_unit  wpcw_fe_module_group_1\">\n\t\t\t\t\t\t\t\t<td class=\"wpcw_fe_unit_title\">Lesson 1<\/td>\n\t\t\t\t\t\t\t\t<td class=\"wpcw_fe_unit\" >1.1 Caracter\u00edsticas del software<\/td>\n\t\t\t\t\t\t\t<\/tr><tr class=\"wpcw_fe_unit  wpcw_fe_module_group_1\">\n\t\t\t\t\t\t\t\t<td class=\"wpcw_fe_unit_title\">Lesson 2<\/td>\n\t\t\t\t\t\t\t\t<td class=\"wpcw_fe_unit\" >1.2 Navegadores<\/td>\n\t\t\t\t\t\t\t<\/tr><tr class=\"wpcw_fe_unit  wpcw_fe_module_group_1\">\n\t\t\t\t\t\t\t\t<td class=\"wpcw_fe_unit_title\">Lesson 3<\/td>\n\t\t\t\t\t\t\t\t<td class=\"wpcw_fe_unit\" >1.3 Chat en directo<\/td>\n\t\t\t\t\t\t\t<\/tr><tr class=\"wpcw_fe_unit  wpcw_fe_module_group_1\">\n\t\t\t\t\t\t\t\t<td class=\"wpcw_fe_unit_title\">Lesson 4<\/td>\n\t\t\t\t\t\t\t\t<td class=\"wpcw_fe_unit\" >1.4 Correo electr\u00f3nico de Thunderbird<\/td>\n\t\t\t\t\t\t\t<\/tr><\/table><div class=\"wpcw_powered_by\">Powered By <a href=\"https:\/\/flyplugins.com\/?ref=1\"  target=\"_blank\">WP Courseware<\/a><\/div>[\/vc_column_text][vc_column_text css=&#8221;.vc_custom_1525689163436{margin-bottom: 0px !important;}&#8221;]<a href=\"https:\/\/wiki.omniscriptum.com\/wp-login.php?action=register&amp;course_id%5B0%5D=16&amp;_wp_enroll=d693702361\" class=\"fe_btn fe_btn_completion btn_completion\" id=\"enroll_registration\">Enroll Now<\/a>[\/vc_column_text][\/vc_column][\/vc_row]\n","protected":false},"excerpt":{"rendered":"<p>[vc_row][vc_column][vc_column_text css=&#8221;.vc_custom_1527675412374{margin-bottom: 0px !important;}&#8221;]La formaci\u00f3n se divide en 5 partes y tambi\u00e9n tienes la posibilidad de verificar tus conocimientos utilizando cuestionarios. Los m\u00f3dulos contienen lecciones que est\u00e1n relacionadas entre ellas, por lo que no debes omitir ninguna lecci\u00f3n. La multitud de preguntas que llegan de tus autores pueden tener las respuestas en una de las [&hellip;]<\/p>\n","protected":false},"author":33,"featured_media":0,"parent":0,"menu_order":0,"comment_status":"closed","ping_status":"closed","template":"","meta":{"_mc_calendar":[]},"categories":[],"tags":[],"_links":{"self":[{"href":"https:\/\/wiki.omniscriptum.com\/es\/wp-json\/wp\/v2\/pages\/13541\/"}],"collection":[{"href":"https:\/\/wiki.omniscriptum.com\/es\/wp-json\/wp\/v2\/pages\/"}],"about":[{"href":"https:\/\/wiki.omniscriptum.com\/es\/wp-json\/wp\/v2\/types\/page\/"}],"author":[{"embeddable":true,"href":"https:\/\/wiki.omniscriptum.com\/es\/wp-json\/wp\/v2\/users\/33\/"}],"replies":[{"embeddable":true,"href":"https:\/\/wiki.omniscriptum.com\/es\/wp-json\/wp\/v2\/comments\/?post=13541"}],"version-history":[{"count":0,"href":"https:\/\/wiki.omniscriptum.com\/es\/wp-json\/wp\/v2\/pages\/13541\/revisions\/"}],"wp:attachment":[{"href":"https:\/\/wiki.omniscriptum.com\/es\/wp-json\/wp\/v2\/media\/?parent=13541"}],"wp:term":[{"taxonomy":"category","embeddable":true,"href":"https:\/\/wiki.omniscriptum.com\/es\/wp-json\/wp\/v2\/categories\/?post=13541"},{"taxonomy":"post_tag","embeddable":true,"href":"https:\/\/wiki.omniscriptum.com\/es\/wp-json\/wp\/v2\/tags\/?post=13541"}],"curies":[{"name":"wp","href":"https:\/\/api.w.org\/{rel}","templated":true}]}}