{"id":13523,"date":"2018-05-29T08:34:56","date_gmt":"2018-05-29T08:34:56","guid":{"rendered":"https:\/\/wiki.omniscriptum.com\/autores\/"},"modified":"2018-05-29T08:38:13","modified_gmt":"2018-05-29T08:38:13","slug":"autores","status":"publish","type":"page","link":"https:\/\/wiki.omniscriptum.com\/es\/autores\/","title":{"rendered":"Autores"},"content":{"rendered":"<?xml encoding=\"utf8\" ?>[vc_row fullwidth=&#8221;true&#8221; fullwidth_content=&#8221;false&#8221;][vc_column][layerslider_vc id=&#8221;6&#8243;][\/vc_column][\/vc_row][vc_row full_width=&#8221;stretch_row_content_no_spaces&#8221; equal_height=&#8221;yes&#8221; css=&#8221;.vc_custom_1522248624697{margin-top: 0px !important;margin-bottom: 0px !important;padding-top: 15px !important;padding-bottom: 30px !important;}&#8221;][vc_column width=&#8221;2\/3&#8243; css=&#8221;.vc_custom_1520595944982{padding-right: 30px !important;padding-left: 30px !important;}&#8221;][vc_column_text css=&#8221;.vc_custom_1527583089376{margin-bottom: 0px !important;}&#8221;]<span style=\"color: #000000;\"><span style=\"color: #fa5b15;\">OmniScriptum <span style=\"color: #000000;\">o<\/span><\/span>frece a los autores de todos los rincones del mundo la posibilidad de publicar sus trabajos de investigaci\u00f3n, tesis, disertaciones, art\u00edculos, en forma de libros impresos. Publicamos libros en m\u00e1s de 15 idiomas, ofrecemos un variado dise\u00f1o, marketing y canales de distribuci\u00f3n, y m\u00e1s.<\/span><\/p>\n<p><span style=\"color: #000000;\">No hay barreras para nosotros, todos los autores que han investigado un tema en particular, que han desarrollado nuevas ideas o tecnolog\u00edas o m\u00e9todos, tienen la oportunidad de difundir sus conocimientos a lectores de todo el mundo.<\/span><\/p>\n<p><span style=\"color: #000000;\">Tambi\u00e9n conocer\u00e1s a autores que han publicado m\u00e1s de 20 libros con nosotros, que conf\u00edan en nosotros y que siempre est\u00e1n en colaboraci\u00f3n con Omniscriptum. Nuestros autores tambi\u00e9n se benefician de un <span style=\"color: #fa5b15;\">12% de regal\u00edas<\/span> y de importantes descuentos. Consideramos que nuestros autores son parte de la familia Omniscriptum y siempre nos enfocamos en mejorar nuestros servicios y en considerar todas sus peticiones.<\/span><\/p>\n<p><span style=\"color: #000000;\">Encuentra miles de autores en nuestra librer\u00eda oficial <span style=\"color: #fa5b15;\"><a style=\"color: #fa5b15;\" href=\"http:\/\/www.morebooks.de\/\" target=\"_blank\" rel=\"noopener\">www.morebooks.de<\/a><\/span><\/span>[\/vc_column_text][\/vc_column][vc_column width=&#8221;1\/3&#8243; css=&#8221;.vc_custom_1520596065430{padding-right: 20px !important;}&#8221;][vc_video link=&#8221;https:\/\/www.youtube.com\/watch?v=rLCsX35FUfQ&amp;t=3s&#8221; autoplay=&#8221;true&#8221;][\/vc_column][\/vc_row]\n","protected":false},"excerpt":{"rendered":"<p>[vc_row fullwidth=&#8221;true&#8221; fullwidth_content=&#8221;false&#8221;][vc_column][layerslider_vc id=&#8221;6&#8243;][\/vc_column][\/vc_row][vc_row full_width=&#8221;stretch_row_content_no_spaces&#8221; equal_height=&#8221;yes&#8221; css=&#8221;.vc_custom_1522248624697{margin-top: 0px !important;margin-bottom: 0px !important;padding-top: 15px !important;padding-bottom: 30px !important;}&#8221;][vc_column width=&#8221;2\/3&#8243; css=&#8221;.vc_custom_1520595944982{padding-right: 30px !important;padding-left: 30px !important;}&#8221;][vc_column_text css=&#8221;.vc_custom_1527583089376{margin-bottom: 0px !important;}&#8221;]OmniScriptum ofrece a los autores de todos los rincones del mundo la posibilidad de publicar sus trabajos de investigaci\u00f3n, tesis, disertaciones, art\u00edculos, en forma de libros impresos. Publicamos libros en m\u00e1s de [&hellip;]<\/p>\n","protected":false},"author":33,"featured_media":0,"parent":0,"menu_order":0,"comment_status":"closed","ping_status":"closed","template":"","meta":{"_mc_calendar":[]},"categories":[],"tags":[],"_links":{"self":[{"href":"https:\/\/wiki.omniscriptum.com\/es\/wp-json\/wp\/v2\/pages\/13523\/"}],"collection":[{"href":"https:\/\/wiki.omniscriptum.com\/es\/wp-json\/wp\/v2\/pages\/"}],"about":[{"href":"https:\/\/wiki.omniscriptum.com\/es\/wp-json\/wp\/v2\/types\/page\/"}],"author":[{"embeddable":true,"href":"https:\/\/wiki.omniscriptum.com\/es\/wp-json\/wp\/v2\/users\/33\/"}],"replies":[{"embeddable":true,"href":"https:\/\/wiki.omniscriptum.com\/es\/wp-json\/wp\/v2\/comments\/?post=13523"}],"version-history":[{"count":0,"href":"https:\/\/wiki.omniscriptum.com\/es\/wp-json\/wp\/v2\/pages\/13523\/revisions\/"}],"wp:attachment":[{"href":"https:\/\/wiki.omniscriptum.com\/es\/wp-json\/wp\/v2\/media\/?parent=13523"}],"wp:term":[{"taxonomy":"category","embeddable":true,"href":"https:\/\/wiki.omniscriptum.com\/es\/wp-json\/wp\/v2\/categories\/?post=13523"},{"taxonomy":"post_tag","embeddable":true,"href":"https:\/\/wiki.omniscriptum.com\/es\/wp-json\/wp\/v2\/tags\/?post=13523"}],"curies":[{"name":"wp","href":"https:\/\/api.w.org\/{rel}","templated":true}]}}