{"id":13519,"date":"2018-05-29T08:27:37","date_gmt":"2018-05-29T08:27:37","guid":{"rendered":"https:\/\/wiki.omniscriptum.com\/sobre-omniscriptum\/"},"modified":"2018-05-29T08:32:10","modified_gmt":"2018-05-29T08:32:10","slug":"sobre-omniscriptum","status":"publish","type":"page","link":"https:\/\/wiki.omniscriptum.com\/es\/sobre-omniscriptum\/","title":{"rendered":"Sobre OmniScriptum"},"content":{"rendered":"<?xml encoding=\"utf8\" ?>[vc_row content_placement=&#8221;top&#8221;][vc_column][layerslider_vc id=&#8221;26&#8243;][\/vc_column][\/vc_row][vc_row el_class=&#8221;vc_row_text&#8221;][vc_column width=&#8221;2\/3&#8243;][vc_column_text css=&#8221;.vc_custom_1522021354118{margin-bottom: 0px !important;padding-right: 30px !important;padding-left: 30px !important;}&#8221;]<span style=\"color: #000000;\">Cuando la editorial VDM fue fundada por el Dr. Wolfgang Philipp M\u00fcller en 2002 -relanzada con el nombre de &#8220;OmniScriptum&#8221; en 2013- \u00e9l concret\u00f3 su visi\u00f3n de un concepto editorial novedoso y poco convencional. En contraste con el funcionamiento restrictivo, lento y costoso de las editoriales convencionales, su objetivo era sacar al mercado libros de manera eficiente, r\u00e1pida, sencilla y especialmente gratuita para los autores.\u00a0<\/span><\/p>\n<p><span style=\"color: #000000;\">El innovador procedimiento de impresi\u00f3n por demanda (POD) trajo consigo muchos requisitos t\u00e9cnicos y fue la base perfecta para el modelo de negocio de OMS. Este nuevo modelo fue en su momento revolucionario en el panorama editorial, que es en su mayor\u00eda conservador, y por lo tanto fue reconocido cr\u00edticamente.<\/span>[\/vc_column_text][vc_column_text css=&#8221;.vc_custom_1527582725337{margin-bottom: 0px !important;padding-top: 15px !important;padding-right: 30px !important;padding-bottom: 40px !important;padding-left: 30px !important;}&#8221;]<span style=\"color: #000000;\">Desde 2005, nuestro programa de publicaciones se ha ido ampliando e internacionalizando continuamente, centr\u00e1ndose no s\u00f3lo en obras acad\u00e9micas, sino tambi\u00e9n en una gama m\u00e1s amplia de otros sellos exitosos y emocionantes que superan los 40 (<a href=\"https:\/\/www.omniscriptum.com\/index.php?id=35&amp;L=1\" target=\"_blank\" rel=\"noopener\"><span style=\"color: #fa5b15;\">omniscriptum.com\/imprints<\/span><\/a>). Un equipo de m\u00e1s de 240 empleados motivados le permite a autores de todo el mundo publicar sus libros de forma totalmente gratuita en diferentes g\u00e9neros e idiomas.\u00a0<\/span><\/p>\n<p><span style=\"color: #000000;\">Hoy en d\u00eda OmniScriptum es:<\/span><\/p>\n<p><span style=\"color: #000000;\">&#8211; un negocio din\u00e1mico y en crecimiento<\/span><\/p>\n<p><span style=\"color: #000000;\">&#8211; innovador, r\u00e1pido y multifac\u00e9tico<\/span><\/p>\n<p><span style=\"color: #000000;\">&#8211; que opera globalmente<\/span><\/p>\n<p><span style=\"color: #000000;\">&#8211; un equipo creativo motivado<\/span><\/p>\n<p><span style=\"color: #000000;\">&#8211; un excelente y personalizado servicio completo<\/span><\/p>\n<p><span style=\"color: #000000;\">Explore nuestra p\u00e1gina web oficial <a href=\"https:\/\/www.omniscriptum.com\/index.php?id=1&amp;L=1\" target=\"_blank\" rel=\"noopener\"><span style=\"color: #fa5b15;\">www.omniscriptum.com<\/span><\/a><\/span>[\/vc_column_text][\/vc_column][vc_column width=&#8221;1\/3&#8243;][vc_row_inner][vc_column_inner css=&#8221;.vc_custom_1519036275963{padding-top: 20px !important;}&#8221;][vc_video max_width=&#8221;&#8221; link=&#8221;https:\/\/www.youtube.com\/watch?v=lMXyQEoqF0g&#8221; autoplay=&#8221;true&#8221; css=&#8221;.vc_custom_1520545611619{padding-right: 20px !important;}&#8221;][\/vc_column_inner][\/vc_row_inner][\/vc_column][\/vc_row]\n","protected":false},"excerpt":{"rendered":"<p>[vc_row content_placement=&#8221;top&#8221;][vc_column][layerslider_vc id=&#8221;26&#8243;][\/vc_column][\/vc_row][vc_row el_class=&#8221;vc_row_text&#8221;][vc_column width=&#8221;2\/3&#8243;][vc_column_text css=&#8221;.vc_custom_1522021354118{margin-bottom: 0px !important;padding-right: 30px !important;padding-left: 30px !important;}&#8221;]Cuando la editorial VDM fue fundada por el Dr. Wolfgang Philipp M\u00fcller en 2002 -relanzada con el nombre de &#8220;OmniScriptum&#8221; en 2013- \u00e9l concret\u00f3 su visi\u00f3n de un concepto editorial novedoso y poco convencional. En contraste con el funcionamiento restrictivo, lento y costoso de [&hellip;]<\/p>\n","protected":false},"author":33,"featured_media":0,"parent":0,"menu_order":0,"comment_status":"closed","ping_status":"closed","template":"","meta":{"_mc_calendar":[]},"categories":[],"tags":[],"_links":{"self":[{"href":"https:\/\/wiki.omniscriptum.com\/es\/wp-json\/wp\/v2\/pages\/13519\/"}],"collection":[{"href":"https:\/\/wiki.omniscriptum.com\/es\/wp-json\/wp\/v2\/pages\/"}],"about":[{"href":"https:\/\/wiki.omniscriptum.com\/es\/wp-json\/wp\/v2\/types\/page\/"}],"author":[{"embeddable":true,"href":"https:\/\/wiki.omniscriptum.com\/es\/wp-json\/wp\/v2\/users\/33\/"}],"replies":[{"embeddable":true,"href":"https:\/\/wiki.omniscriptum.com\/es\/wp-json\/wp\/v2\/comments\/?post=13519"}],"version-history":[{"count":0,"href":"https:\/\/wiki.omniscriptum.com\/es\/wp-json\/wp\/v2\/pages\/13519\/revisions\/"}],"wp:attachment":[{"href":"https:\/\/wiki.omniscriptum.com\/es\/wp-json\/wp\/v2\/media\/?parent=13519"}],"wp:term":[{"taxonomy":"category","embeddable":true,"href":"https:\/\/wiki.omniscriptum.com\/es\/wp-json\/wp\/v2\/categories\/?post=13519"},{"taxonomy":"post_tag","embeddable":true,"href":"https:\/\/wiki.omniscriptum.com\/es\/wp-json\/wp\/v2\/tags\/?post=13519"}],"curies":[{"name":"wp","href":"https:\/\/api.w.org\/{rel}","templated":true}]}}