{"id":13442,"date":"2018-05-25T13:43:40","date_gmt":"2018-05-25T13:43:40","guid":{"rendered":"https:\/\/wiki.omniscriptum.com\/educacion-en-linea\/"},"modified":"2018-05-25T14:19:10","modified_gmt":"2018-05-25T14:19:10","slug":"educacion-en-linea","status":"publish","type":"page","link":"https:\/\/wiki.omniscriptum.com\/es\/educacion-en-linea\/","title":{"rendered":"Educaci\u00f3n en l\u00ednea"},"content":{"rendered":"<?xml encoding=\"utf8\" ?>[vc_row css=&#8221;.vc_custom_1522446033205{padding-bottom: 20px !important;}&#8221;][vc_column][mk_layerslider id=&#8221;36&#8243;][\/vc_column][vc_column width=&#8221;1\/3&#8243; css=&#8221;.vc_custom_1522446105870{padding-top: 40px !important;}&#8221;][vc_icon type=&#8221;linecons&#8221; icon_linecons=&#8221;vc_li vc_li-display&#8221; color=&#8221;white&#8221; background_style=&#8221;rounded&#8221; background_color=&#8221;custom&#8221; align=&#8221;center&#8221; custom_background_color=&#8221;#efb700&#8243;][vc_custom_heading text=&#8221;Cursos en l\u00ednea&#8221; font_container=&#8221;tag:p|font_size:20|text_align:center|color:%23fa5b15&#8243; use_theme_fonts=&#8221;yes&#8221; css=&#8221;.vc_custom_1526037738955{padding-right: 35px !important;padding-left: 35px !important;}&#8221;][vc_column_text css=&#8221;.vc_custom_1525859881850{padding-top: 10px !important;padding-right: 35px !important;padding-left: 35px !important;}&#8221;]\n<p style=\"text-align: center;\"><span style=\"color: #000000;\">Comience la formaci\u00f3n utilizando una plataforma en l\u00ednea f\u00e1cil de usar que tambi\u00e9n incluye tests y simulaciones.<\/span><\/p>\n[\/vc_column_text][vc_btn title=&#8221;Aprender m\u00e1s&#8221; style=&#8221;outline&#8221; shape=&#8221;round&#8221; color=&#8221;inverse&#8221; align=&#8221;center&#8221; button_block=&#8221;true&#8221; css=&#8221;.vc_custom_1526063520799{padding-top: 10px !important;}&#8221; link=&#8221;url:%2F%3Fpage_id%3D12463|&#8221;][\/vc_column][vc_column width=&#8221;1\/3&#8243; css=&#8221;.vc_custom_1522446111318{padding-top: 40px !important;}&#8221;][vc_icon type=&#8221;linecons&#8221; icon_linecons=&#8221;vc_li vc_li-study&#8221; color=&#8221;white&#8221; background_style=&#8221;rounded&#8221; background_color=&#8221;custom&#8221; align=&#8221;center&#8221; custom_background_color=&#8221;#efb700&#8243;][vc_custom_heading text=&#8221;Certificados de premios&#8221; font_container=&#8221;tag:p|font_size:20|text_align:center|color:%23fa5b15&#8243; use_theme_fonts=&#8221;yes&#8221; css=&#8221;.vc_custom_1526037758222{padding-right: 35px !important;padding-left: 35px !important;}&#8221;][vc_column_text css=&#8221;.vc_custom_1525859944082{padding-top: 10px !important;padding-right: 35px !important;padding-left: 35px !important;}&#8221;]\n<p style=\"text-align: center;\"><span style=\"color: #000000;\">Por los resultados excepcionales, se le ofrece un certificado que puede utilizar para aplicar a nuevas vacantes.<\/span><\/p>\n[\/vc_column_text][vc_btn title=&#8221;&#8221; style=&#8221;outline&#8221; shape=&#8221;round&#8221; color=&#8221;inverse&#8221; align=&#8221;center&#8221; button_block=&#8221;true&#8221; css=&#8221;.vc_custom_1526037728398{padding-top: 10px !important;}&#8221; link=&#8221;url:%2F%3Fpage_id%3D9961|&#8221;][\/vc_column][vc_column width=&#8221;1\/3&#8243; css=&#8221;.vc_custom_1522446116669{padding-top: 40px !important;}&#8221;][vc_icon type=&#8221;linecons&#8221; icon_linecons=&#8221;vc_li vc_li-world&#8221; color=&#8221;white&#8221; background_style=&#8221;rounded&#8221; background_color=&#8221;custom&#8221; align=&#8221;center&#8221; custom_background_color=&#8221;#efb700&#8243;][vc_custom_heading text=&#8221;Crecimiento profesional&#8221; font_container=&#8221;tag:p|font_size:20|text_align:center|color:%23fa5b15&#8243; use_theme_fonts=&#8221;yes&#8221; css=&#8221;.vc_custom_1526037752354{padding-right: 35px !important;padding-left: 35px !important;}&#8221;][vc_column_text css=&#8221;.vc_custom_1527256791796{padding-top: 10px !important;padding-right: 35px !important;padding-left: 35px !important;}&#8221;]\n<p style=\"text-align: center;\"><span style=\"color: #000000;\">Siempre tiene la oportunidad de un crecimiento profesional en la industria editorial de OmniScriptum.<\/span><\/p>\n[\/vc_column_text][vc_btn title=&#8221;Aprender m\u00e1s&#8221; style=&#8221;outline&#8221; shape=&#8221;round&#8221; color=&#8221;inverse&#8221; align=&#8221;center&#8221; button_block=&#8221;true&#8221; css=&#8221;.vc_custom_1527078195723{padding-top: 10px !important;}&#8221; link=&#8221;url:https%3A%2F%2Fview.joomag.com%2Ffreelancers-network-marketing%2F0387322001522078719%3Fshort|target:%20_blank|&#8221;][\/vc_column][\/vc_row][vc_row gap=&#8221;20&#8243; equal_height=&#8221;yes&#8221; content_placement=&#8221;middle&#8221; css=&#8221;.vc_custom_1522446253022{padding-top: 20px !important;padding-bottom: 30px !important;}&#8221;][vc_column width=&#8221;1\/3&#8243; css=&#8221;.vc_custom_1522192486495{border-top-width: 2px !important;border-right-width: 2px !important;border-bottom-width: 2px !important;border-left-width: 2px !important;background-color: #4c70a3 !important;border-left-color: #aaaaaa !important;border-left-style: solid !important;border-right-color: #aaaaaa !important;border-right-style: solid !important;border-top-color: #aaaaaa !important;border-top-style: solid !important;border-bottom-color: #aaaaaa !important;border-bottom-style: solid !important;}&#8221;][vc_custom_heading text=&#8221;Pruebas&#8221; font_container=&#8221;tag:h2|font_size:20|text_align:center|color:%23ffffff&#8221; google_fonts=&#8221;font_family:Montserrat%3Aregular%2C700|font_style:400%20regular%3A400%3Anormal&#8221; css=&#8221;.vc_custom_1525860014513{padding-top: 30px !important;padding-right: 25px !important;padding-left: 25px !important;}&#8221;][vc_separator color=&#8221;custom&#8221; border_width=&#8221;2&#8243; el_width=&#8221;20&#8243; accent_color=&#8221;#ffffff&#8221; css=&#8221;.vc_custom_1522244628701{margin-bottom: 15px !important;}&#8221;][vc_column_text disable_pattern=&#8221;&#8221; margin_bottom=&#8221;&#8221; css=&#8221;.vc_custom_1525860192409{padding-right: 25px !important;padding-left: 25px !important;}&#8221;]\n<p style=\"text-align: center;\"><span style=\"color: #ffffff;\">El curso en l\u00ednea incluye pruebas al final de algunas lecciones en particular. De esta manera, usted puede evaluar f\u00e1cilmente su conocimiento.<\/span><\/p>\n[\/vc_column_text][\/vc_column][vc_column border_color=&#8221;#aaaaaa&#8221; width=&#8221;1\/3&#8243; css=&#8221;.vc_custom_1522020199682{background-color: #4c70a3 !important;}&#8221;][vc_custom_heading text=&#8221;Asistencia de entrenadores&#8221; font_container=&#8221;tag:h2|font_size:20|text_align:center|color:%23ffffff&#8221; google_fonts=&#8221;font_family:Montserrat%3Aregular%2C700|font_style:400%20regular%3A400%3Anormal&#8221; css=&#8221;.vc_custom_1527257897860{padding-top: 30px !important;padding-right: 25px !important;padding-left: 25px !important;}&#8221;][vc_separator color=&#8221;custom&#8221; border_width=&#8221;2&#8243; el_width=&#8221;20&#8243; accent_color=&#8221;#ffffff&#8221; css=&#8221;.vc_custom_1522244633254{margin-bottom: 15px !important;}&#8221;][vc_column_text css=&#8221;.vc_custom_1527257920923{padding-right: 25px !important;padding-left: 25px !important;}&#8221;]\n<p style=\"text-align: center;\"><span style=\"color: #ffffff;\">Durante su trabajo, usted siempre cuenta con el apoyo de su entrenador(a), quien lo guiar\u00e1 y ayudar\u00e1 a lograr buenos resultados.<\/span><\/p>\n[\/vc_column_text][\/vc_column][vc_column border_color=&#8221;#aaaaaa&#8221; width=&#8221;1\/3&#8243; css=&#8221;.vc_custom_1522020212104{background-color: #4c70a3 !important;}&#8221;][vc_custom_heading text=&#8221;Caminos de aprendizaje&#8221; font_container=&#8221;tag:h2|font_size:20|text_align:center|color:%23ffffff&#8221; google_fonts=&#8221;font_family:Montserrat%3Aregular%2C700|font_style:400%20regular%3A400%3Anormal&#8221; css=&#8221;.vc_custom_1525860037838{padding-top: 30px !important;padding-right: 25px !important;padding-left: 25px !important;}&#8221;][vc_separator color=&#8221;custom&#8221; border_width=&#8221;2&#8243; el_width=&#8221;20&#8243; accent_color=&#8221;#ffffff&#8221; css=&#8221;.vc_custom_1522244653807{margin-bottom: 15px !important;}&#8221;][vc_column_text css=&#8221;.vc_custom_1525860975130{padding-right: 25px !important;padding-bottom: 25px !important;padding-left: 25px !important;}&#8221;]\n<p style=\"text-align: center;\"><span style=\"color: #ffffff;\">Los m\u00f3dulos incluyen lecciones que le ayudar\u00e1n a asimilar un tema en peque\u00f1os pasos.<\/span><\/p>\n[\/vc_column_text][\/vc_column][\/vc_row]\n","protected":false},"excerpt":{"rendered":"<p>[vc_row css=&#8221;.vc_custom_1522446033205{padding-bottom: 20px !important;}&#8221;][vc_column][mk_layerslider id=&#8221;36&#8243;][\/vc_column][vc_column width=&#8221;1\/3&#8243; css=&#8221;.vc_custom_1522446105870{padding-top: 40px !important;}&#8221;][vc_icon type=&#8221;linecons&#8221; icon_linecons=&#8221;vc_li vc_li-display&#8221; color=&#8221;white&#8221; background_style=&#8221;rounded&#8221; background_color=&#8221;custom&#8221; align=&#8221;center&#8221; custom_background_color=&#8221;#efb700&#8243;][vc_custom_heading text=&#8221;Cursos en l\u00ednea&#8221; font_container=&#8221;tag:p|font_size:20|text_align:center|color:%23fa5b15&#8243; use_theme_fonts=&#8221;yes&#8221; css=&#8221;.vc_custom_1526037738955{padding-right: 35px !important;padding-left: 35px !important;}&#8221;][vc_column_text css=&#8221;.vc_custom_1525859881850{padding-top: 10px !important;padding-right: 35px !important;padding-left: 35px !important;}&#8221;] Comience la formaci\u00f3n utilizando una plataforma en l\u00ednea f\u00e1cil de usar que tambi\u00e9n incluye tests y simulaciones. [\/vc_column_text][vc_btn title=&#8221;Aprender m\u00e1s&#8221; style=&#8221;outline&#8221; [&hellip;]<\/p>\n","protected":false},"author":33,"featured_media":0,"parent":0,"menu_order":0,"comment_status":"closed","ping_status":"closed","template":"","meta":{"_mc_calendar":[]},"categories":[],"tags":[],"_links":{"self":[{"href":"https:\/\/wiki.omniscriptum.com\/es\/wp-json\/wp\/v2\/pages\/13442\/"}],"collection":[{"href":"https:\/\/wiki.omniscriptum.com\/es\/wp-json\/wp\/v2\/pages\/"}],"about":[{"href":"https:\/\/wiki.omniscriptum.com\/es\/wp-json\/wp\/v2\/types\/page\/"}],"author":[{"embeddable":true,"href":"https:\/\/wiki.omniscriptum.com\/es\/wp-json\/wp\/v2\/users\/33\/"}],"replies":[{"embeddable":true,"href":"https:\/\/wiki.omniscriptum.com\/es\/wp-json\/wp\/v2\/comments\/?post=13442"}],"version-history":[{"count":0,"href":"https:\/\/wiki.omniscriptum.com\/es\/wp-json\/wp\/v2\/pages\/13442\/revisions\/"}],"wp:attachment":[{"href":"https:\/\/wiki.omniscriptum.com\/es\/wp-json\/wp\/v2\/media\/?parent=13442"}],"wp:term":[{"taxonomy":"category","embeddable":true,"href":"https:\/\/wiki.omniscriptum.com\/es\/wp-json\/wp\/v2\/categories\/?post=13442"},{"taxonomy":"post_tag","embeddable":true,"href":"https:\/\/wiki.omniscriptum.com\/es\/wp-json\/wp\/v2\/tags\/?post=13442"}],"curies":[{"name":"wp","href":"https:\/\/api.w.org\/{rel}","templated":true}]}}