{"id":13363,"date":"2018-05-24T17:59:33","date_gmt":"2018-05-24T17:59:33","guid":{"rendered":"https:\/\/wiki.omniscriptum.com\/omniscriptum-home\/"},"modified":"2019-02-19T13:01:16","modified_gmt":"2019-02-19T13:01:16","slug":"omniscriptum-home","status":"publish","type":"page","link":"https:\/\/wiki.omniscriptum.com\/es\/","title":{"rendered":"OmniScriptum-home"},"content":{"rendered":"<?xml encoding=\"utf8\" ?>[vc_row parallax=&#8221;content-moving&#8221; full_width=&#8221;stretch_row_content&#8221; content_placement=&#8221;middle&#8221; css=&#8221;.vc_custom_1522231244250{background-position: center;background-repeat: no-repeat;background-size: cover !important;}&#8221;][vc_column][layerslider_vc id=&#8221;33&#8243;][vc_row_inner][vc_column_inner width=&#8221;1\/3&#8243;][vc_custom_heading text=&#8221;R\u00e1pido y eficiente&#8221; font_container=&#8221;tag:p|font_size:20|text_align:left|color:%23fa5b15&#8243; google_fonts=&#8221;font_family:Cambo%3Aregular|font_style:400%20regular%3A400%3Anormal&#8221; css=&#8221;.vc_custom_1527241687745{margin-top: 24px !important;margin-bottom: 24px !important;}&#8221;][vc_column_text css=&#8221;.vc_custom_1527241705591{margin-bottom: 0px !important;}&#8221;]<span style=\"color: #000000;\">Nuestros autores confirman los t\u00e9rminos y condiciones en l\u00ednea, luego suben su manuscrito en su cuenta personal de autor, eligen la portada de su libro y env\u00edan los datos del libro para impresi\u00f3n.<\/span>[\/vc_column_text][\/vc_column_inner][vc_column_inner width=&#8221;1\/3&#8243;][vc_custom_heading text=&#8221;Ventas mundiales y espec\u00edficas&#8221; font_container=&#8221;tag:p|font_size:20|text_align:left|color:%23fa5b15&#8243; google_fonts=&#8221;font_family:Cambo%3Aregular|font_style:400%20regular%3A400%3Anormal&#8221; css=&#8221;.vc_custom_1527241767201{margin-top: 24px !important;margin-bottom: 24px !important;}&#8221;][vc_column_text css=&#8221;.vc_custom_1527241782349{margin-bottom: 0px !important;}&#8221;]<span style=\"color: #000000;\">El comprador se entera sobre la publicaci\u00f3n de su libro. Suministramos todos los cat\u00e1logos relevantes de los libros mundialmente. Adem\u00e1s, su libro es ofrecido a todos los principales distribuidores internacionales.<\/span>[\/vc_column_text][\/vc_column_inner][vc_column_inner width=&#8221;1\/3&#8243;][vc_custom_heading text=&#8221;Publicidad y Marketing&#8221; font_container=&#8221;tag:p|font_size:20|text_align:left|color:%23fa5b15&#8243; google_fonts=&#8221;font_family:Cambo%3Aregular|font_style:400%20regular%3A400%3Anormal&#8221; css=&#8221;.vc_custom_1527241789256{margin-top: 24px !important;margin-bottom: 24px !important;}&#8221;][vc_column_text css=&#8221;.vc_custom_1527241821303{margin-bottom: 0px !important;}&#8221;]<span style=\"color: #000000;\">Nos complace apoyar a nuestros autores en<\/span> <span style=\"color: #fa5b15;\">varias campa\u00f1as de marketing<\/span><span style=\"color: #000000;\">, por ejemplo, publicando anuncios en redes sociales o proporcion\u00e1ndoles banners y p\u00f3sters, los cuales pueden utilizar para promover sus libros de un modo profesional.<\/span>[\/vc_column_text][\/vc_column_inner][\/vc_row_inner][\/vc_column][\/vc_row][vc_row gap=&#8221;10&#8243; qt_container=&#8221;true&#8221;][vc_column width=&#8221;1\/3&#8243;][vc_single_image image=&#8221;14142&#8243; img_size=&#8221;200&#215;200&#8243; alignment=&#8221;center&#8221; style=&#8221;vc_box_circle_2&#8243;][vc_custom_heading text=&#8221;Aicha Ouassekssou (Editora)&#8221; font_container=&#8221;tag:p|font_size:20|text_align:center|color:%23fa5b15&#8243; use_theme_fonts=&#8221;yes&#8221;][vc_column_text css=&#8221;.vc_custom_1550580764337{margin-bottom: 0px !important;}&#8221;]<span style=\"color: #000000;\">\u201cOmniscriptum is changing the concept of freelance job, when I started working as a freelancer, I followed the training platform and I found out a new learning concept that makes my daily work easier.\u00a0Switching between the platforms, and with the help of my trainer, I learned how to search for more authors, and how to convince them to publish in a professional way.\u00a0Thank you all for making our work easier!\u201c<\/span>[\/vc_column_text][\/vc_column][vc_column width=&#8221;1\/3&#8243;][vc_single_image image=&#8221;14166&#8243; img_size=&#8221;200&#215;200&#8243; alignment=&#8221;center&#8221; style=&#8221;vc_box_circle_2&#8243;][vc_custom_heading text=&#8221;Tatiana Botnari (Editora)&#8221; font_container=&#8221;tag:p|font_size:20|text_align:center|color:%23fa5b15&#8243; use_theme_fonts=&#8221;yes&#8221;][vc_column_text css=&#8221;.vc_custom_1550580811651{margin-bottom: 0px !important;}&#8221;]<span style=\"color: #000000;\">\u201cI like being a freelancer since I can work from home or any other places. \u00a0Also I have a job even if I\u2019m in maternity leave and I like that I\u2019m doing a useful work (for authors and for me) which allows me to progress professionally.\u00a0I like that working as freelancer\u00a0 I can spend time with my family and I\u2019m always present when my baby needs me.\u201d<\/span>[\/vc_column_text][\/vc_column][vc_column width=&#8221;1\/3&#8243;][vc_single_image image=&#8221;14148&#8243; img_size=&#8221;200&#215;200&#8243; alignment=&#8221;center&#8221; style=&#8221;vc_box_circle_2&#8243;][vc_custom_heading text=&#8221;Venice Ibrahim (Editora)&#8221; font_container=&#8221;tag:p|font_size:20|text_align:center|color:%23fa5b15&#8243; use_theme_fonts=&#8221;yes&#8221;][vc_column_text css=&#8221;.vc_custom_1550580854376{margin-bottom: 0px !important;}&#8221;]\n<div class=\" vc_custom_1550580182589\">\n<div id=\"text-block-11\" class=\"mk-text-block \">\n<p><span style=\"color: #000000;\">\u201cI am very grateful to have been given the opportunity to work as a freelance editor with the unique Omniscriptum Publishing company, revising manuscripts of various academic and scientific topics, which is a very interesting giving my wide range of knowledge, as well as I have got to know a trainer who is so helpful, understanding , skillful, kind and talented person. I am so lucky and blessed to be working with him in the unique\u00a0 Omniscriptum as a freelance editor beside being a proud author of 3 humble books published with Lambert Academic Publishing.\u201d<\/span><\/p>\n<\/div>\n<\/div>\n[\/vc_column_text][\/vc_column][\/vc_row][vc_row gap=&#8221;20&#8243; qt_container=&#8221;true&#8221;][vc_column width=&#8221;1\/3&#8243;][vc_single_image image=&#8221;14160&#8243; img_size=&#8221;200&#215;200&#8243; alignment=&#8221;center&#8221; style=&#8221;vc_box_circle_2&#8243; css=&#8221;.vc_custom_1550580892037{padding-top: 20px !important;}&#8221;][vc_custom_heading text=&#8221;Belisa Moreira (Editora)&#8221; font_container=&#8221;tag:p|font_size:20|text_align:center|color:%23fa5b15&#8243; use_theme_fonts=&#8221;yes&#8221;][vc_column_text css=&#8221;.vc_custom_1550580911650{margin-bottom: 0px !important;}&#8221;]<span style=\"color: #000000;\">\u201cOmniScriptum has given me all the practical tools to performe a good job. It\u2019s realy challenging to make a living through the freelance work, although feels great to have independence in our work and schedule, always counting on our trainers for support.\u201d<\/span>[\/vc_column_text][\/vc_column][vc_column width=&#8221;1\/3&#8243;][vc_single_image image=&#8221;14154&#8243; img_size=&#8221;200&#215;200&#8243; alignment=&#8221;center&#8221; style=&#8221;vc_box_circle_2&#8243; css=&#8221;.vc_custom_1550581005654{padding-top: 20px !important;}&#8221;][vc_custom_heading text=&#8221;Mihaela Priboi (Editora)&#8221; font_container=&#8221;tag:p|font_size:20|text_align:center|color:%23fa5b15&#8243; use_theme_fonts=&#8221;yes&#8221;][vc_column_text css=&#8221;.vc_custom_1550580952984{margin-bottom: 0px !important;}&#8221;]<span style=\"color: #000000;\">\u201cMy experience as a freelancer editor can be resumed as it follows: 1. my first 3-4 months were exalting, being able to learn new things; 2.\u00a0the next 3-4 months were challenging, being able to apply what I have learned and to be better every day; 3.\u00a0the last months were the best of my experience as a freelance editor, because I proved my self I could be on my own feet, I could take my own decisions and even help colleagues become better editors.\u00a0With the last changes that came in the company it is not easy to deal, but no good thing in life comes easy, so I will keep my hard work, improve my abilities and hope to be a piece of resistance, an important pawn to bring benefits to the company and to the society in general.\u00a0Thank you Omniscriptum for being!\u201d<\/span>[\/vc_column_text][\/vc_column][vc_column width=&#8221;1\/3&#8243;][vc_single_image image=&#8221;14173&#8243; img_size=&#8221;200&#215;200&#8243; alignment=&#8221;center&#8221; style=&#8221;vc_box_circle_2&#8243; css=&#8221;.vc_custom_1550580970934{padding-top: 20px !important;}&#8221;][vc_custom_heading text=&#8221;Hiteesha Bachoo (Editora)&#8221; font_container=&#8221;tag:p|font_size:20|text_align:center|color:%23fa5b15&#8243; use_theme_fonts=&#8221;yes&#8221;][vc_column_text css=&#8221;.vc_custom_1550580994469{margin-bottom: 0px !important;}&#8221;]<span style=\"color: #000000;\">\u201cMy experience as a freelancer is awesome. I can work at my own pace and time with minimum supervision which is very encouraging. I get any help needed in case of any difficulties and issues. I always try my best for better sales.\u201d<\/span>[\/vc_column_text][\/vc_column][\/vc_row]\n","protected":false},"excerpt":{"rendered":"<p>[vc_row parallax=&#8221;content-moving&#8221; full_width=&#8221;stretch_row_content&#8221; content_placement=&#8221;middle&#8221; css=&#8221;.vc_custom_1522231244250{background-position: center;background-repeat: no-repeat;background-size: cover !important;}&#8221;][vc_column][layerslider_vc id=&#8221;33&#8243;][vc_row_inner][vc_column_inner width=&#8221;1\/3&#8243;][vc_custom_heading text=&#8221;R\u00e1pido y eficiente&#8221; font_container=&#8221;tag:p|font_size:20|text_align:left|color:%23fa5b15&#8243; google_fonts=&#8221;font_family:Cambo%3Aregular|font_style:400%20regular%3A400%3Anormal&#8221; css=&#8221;.vc_custom_1527241687745{margin-top: 24px !important;margin-bottom: 24px !important;}&#8221;][vc_column_text css=&#8221;.vc_custom_1527241705591{margin-bottom: 0px !important;}&#8221;]Nuestros autores confirman los t\u00e9rminos y condiciones en l\u00ednea, luego suben su manuscrito en su cuenta personal de autor, eligen la portada de su libro y env\u00edan los datos del libro para [&hellip;]<\/p>\n","protected":false},"author":33,"featured_media":0,"parent":0,"menu_order":0,"comment_status":"closed","ping_status":"closed","template":"","meta":{"_mc_calendar":[]},"categories":[],"tags":[],"_links":{"self":[{"href":"https:\/\/wiki.omniscriptum.com\/es\/wp-json\/wp\/v2\/pages\/13363\/"}],"collection":[{"href":"https:\/\/wiki.omniscriptum.com\/es\/wp-json\/wp\/v2\/pages\/"}],"about":[{"href":"https:\/\/wiki.omniscriptum.com\/es\/wp-json\/wp\/v2\/types\/page\/"}],"author":[{"embeddable":true,"href":"https:\/\/wiki.omniscriptum.com\/es\/wp-json\/wp\/v2\/users\/33\/"}],"replies":[{"embeddable":true,"href":"https:\/\/wiki.omniscriptum.com\/es\/wp-json\/wp\/v2\/comments\/?post=13363"}],"version-history":[{"count":1,"href":"https:\/\/wiki.omniscriptum.com\/es\/wp-json\/wp\/v2\/pages\/13363\/revisions\/"}],"predecessor-version":[{"id":14194,"href":"https:\/\/wiki.omniscriptum.com\/es\/wp-json\/wp\/v2\/pages\/13363\/revisions\/14194\/"}],"wp:attachment":[{"href":"https:\/\/wiki.omniscriptum.com\/es\/wp-json\/wp\/v2\/media\/?parent=13363"}],"wp:term":[{"taxonomy":"category","embeddable":true,"href":"https:\/\/wiki.omniscriptum.com\/es\/wp-json\/wp\/v2\/categories\/?post=13363"},{"taxonomy":"post_tag","embeddable":true,"href":"https:\/\/wiki.omniscriptum.com\/es\/wp-json\/wp\/v2\/tags\/?post=13363"}],"curies":[{"name":"wp","href":"https:\/\/api.w.org\/{rel}","templated":true}]}}